{"id":7157,"date":"2024-12-30T13:30:59","date_gmt":"2024-12-30T13:30:59","guid":{"rendered":"https:\/\/tridentatowerspuertovallarta.com\/?page_id=7157"},"modified":"2025-01-31T20:00:07","modified_gmt":"2025-01-31T20:00:07","slug":"terms-of-use","status":"publish","type":"page","link":"https:\/\/tridentatowerspuertovallarta.com\/fr\/conditions-dutilisation\/","title":{"rendered":"Conditions d'utilisation"},"content":{"rendered":"<div data-elementor-type=\"wp-page\" data-elementor-id=\"7157\" class=\"elementor elementor-7157\" data-elementor-post-type=\"page\">\n\t\t\t\t\t\t<section class=\"elementor-section elementor-top-section elementor-element elementor-element-6d1c0480 elementor-section-boxed elementor-section-height-default elementor-section-height-default\" data-id=\"6d1c0480\" data-element_type=\"section\">\n\t\t\t\t\t\t<div class=\"elementor-container elementor-column-gap-default\">\n\t\t\t\t\t<div class=\"elementor-column elementor-col-100 elementor-top-column elementor-element elementor-element-11c5a898\" data-id=\"11c5a898\" data-element_type=\"column\">\n\t\t\t<div class=\"elementor-widget-wrap elementor-element-populated\">\n\t\t\t\t\t\t<div class=\"elementor-element elementor-element-02f6fd2 elementor-widget elementor-widget-text-editor\" data-id=\"02f6fd2\" data-element_type=\"widget\" data-widget_type=\"text-editor.default\">\n\t\t\t\t<div class=\"elementor-widget-container\">\n\t\t\t\t\t\t\t<p><b>Date d'entr\u00e9e en vigueur : 27\/12\/2024<\/b><\/p><p>Bienvenue sur TridentTowersPuertoVallarta.com (le \"Site Web\"). En acc\u00e9dant ou en utilisant notre Site Web, vous acceptez de vous conformer \u00e0 ces Conditions d'utilisation et de les respecter. Si vous n'acceptez pas ces conditions, veuillez ne pas utiliser le Site Web.<\/p>\t\t\t\t\t\t<\/div>\n\t\t\t\t<\/div>\n\t\t\t\t<div class=\"elementor-element elementor-element-8d211f3 elementor-widget elementor-widget-heading\" data-id=\"8d211f3\" data-element_type=\"widget\" data-widget_type=\"heading.default\">\n\t\t\t\t<div class=\"elementor-widget-container\">\n\t\t\t<h2 class=\"elementor-heading-title elementor-size-default\">1. Utilisation du Site Web<\/h2>\t\t<\/div>\n\t\t\t\t<\/div>\n\t\t\t\t<div class=\"elementor-element elementor-element-fafdb2d elementor-widget elementor-widget-text-editor\" data-id=\"fafdb2d\" data-element_type=\"widget\" data-widget_type=\"text-editor.default\">\n\t\t\t\t<div class=\"elementor-widget-container\">\n\t\t\t\t\t\t\t<p><strong>a. Admissibilit\u00e9<\/strong><\/p><p>Vous devez avoir au moins 18 ans ou l'\u00e2ge de la majorit\u00e9 dans votre juridiction pour utiliser ce Site Web. En utilisant le Site Web, vous confirmez que vous remplissez ces crit\u00e8res d'admissibilit\u00e9.<\/p><p><strong>b. Utilisation autoris\u00e9e<\/strong><\/p><p>Vous pouvez utiliser le Site Web uniquement \u00e0 des fins l\u00e9gales et conform\u00e9ment \u00e0 ces Conditions. Vous acceptez de ne pas :<\/p><ul><li>Utiliser le Site Web de mani\u00e8re \u00e0 enfreindre les lois ou r\u00e8glements applicables.<\/li><li>Adopter un comportement qui restreint ou emp\u00eache d'autres personnes d'utiliser le Site Web.<\/li><li>Introduire des virus, des logiciels malveillants ou tout autre mat\u00e9riel nuisible.<\/li><\/ul>\t\t\t\t\t\t<\/div>\n\t\t\t\t<\/div>\n\t\t\t\t<div class=\"elementor-element elementor-element-4426bdf elementor-widget elementor-widget-heading\" data-id=\"4426bdf\" data-element_type=\"widget\" data-widget_type=\"heading.default\">\n\t\t\t\t<div class=\"elementor-widget-container\">\n\t\t\t<h2 class=\"elementor-heading-title elementor-size-default\">2. Propri\u00e9t\u00e9 intellectuelle<\/h2>\t\t<\/div>\n\t\t\t\t<\/div>\n\t\t\t\t<div class=\"elementor-element elementor-element-e137779 elementor-widget elementor-widget-text-editor\" data-id=\"e137779\" data-element_type=\"widget\" data-widget_type=\"text-editor.default\">\n\t\t\t\t<div class=\"elementor-widget-container\">\n\t\t\t\t\t\t\t<p>Tout le contenu du Site Web, y compris mais sans s'y limiter, les textes, images, graphiques, logos et logiciels, est la propri\u00e9t\u00e9 de TridentTowersPuertoVallarta.com ou de ses conc\u00e9dants et est prot\u00e9g\u00e9 par les droits d'auteur, les marques d\u00e9pos\u00e9es et d'autres lois sur la propri\u00e9t\u00e9 intellectuelle. Vous ne pouvez pas reproduire, distribuer, modifier ou cr\u00e9er des \u0153uvres d\u00e9riv\u00e9es sans permission \u00e9crite pr\u00e9alable.<\/p>\t\t\t\t\t\t<\/div>\n\t\t\t\t<\/div>\n\t\t\t\t<div class=\"elementor-element elementor-element-fd8cd92 elementor-widget elementor-widget-heading\" data-id=\"fd8cd92\" data-element_type=\"widget\" data-widget_type=\"heading.default\">\n\t\t\t\t<div class=\"elementor-widget-container\">\n\t\t\t<h2 class=\"elementor-heading-title elementor-size-default\">3. R\u00e9servations et demandes de renseignements<\/h2>\t\t<\/div>\n\t\t\t\t<\/div>\n\t\t\t\t<div class=\"elementor-element elementor-element-113b78a elementor-widget elementor-widget-text-editor\" data-id=\"113b78a\" data-element_type=\"widget\" data-widget_type=\"text-editor.default\">\n\t\t\t\t<div class=\"elementor-widget-container\">\n\t\t\t\t\t\t\t<p>Si vous utilisez le Site Web pour soumettre des demandes de r\u00e9servation ou de renseignements, vous acceptez de fournir des informations exactes et compl\u00e8tes. TridentTowersPuertoVallarta.com se r\u00e9serve le droit de refuser ou d'annuler toute demande de services \u00e0 sa seule discr\u00e9tion.<\/p>\t\t\t\t\t\t<\/div>\n\t\t\t\t<\/div>\n\t\t\t\t<div class=\"elementor-element elementor-element-ba9433e elementor-widget elementor-widget-heading\" data-id=\"ba9433e\" data-element_type=\"widget\" data-widget_type=\"heading.default\">\n\t\t\t\t<div class=\"elementor-widget-container\">\n\t\t\t<h2 class=\"elementor-heading-title elementor-size-default\">4. Liens vers des sites tiers<\/h2>\t\t<\/div>\n\t\t\t\t<\/div>\n\t\t\t\t<div class=\"elementor-element elementor-element-7875aa2 elementor-widget elementor-widget-text-editor\" data-id=\"7875aa2\" data-element_type=\"widget\" data-widget_type=\"text-editor.default\">\n\t\t\t\t<div class=\"elementor-widget-container\">\n\t\t\t\t\t\t\t<p>Notre Site Web peut contenir des liens vers des sites Web ou des services tiers. Ces liens sont fournis pour votre commodit\u00e9, et nous ne sommes pas responsables du contenu, des politiques ou des pratiques de ces tiers. L'acc\u00e8s aux liens de tiers se fait \u00e0 vos propres risques.<\/p>\t\t\t\t\t\t<\/div>\n\t\t\t\t<\/div>\n\t\t\t\t<div class=\"elementor-element elementor-element-3c67e6c elementor-widget elementor-widget-heading\" data-id=\"3c67e6c\" data-element_type=\"widget\" data-widget_type=\"heading.default\">\n\t\t\t\t<div class=\"elementor-widget-container\">\n\t\t\t<h2 class=\"elementor-heading-title elementor-size-default\">5. D\u00e9ni de garanties<\/h2>\t\t<\/div>\n\t\t\t\t<\/div>\n\t\t\t\t<div class=\"elementor-element elementor-element-7e0ed6d elementor-widget elementor-widget-text-editor\" data-id=\"7e0ed6d\" data-element_type=\"widget\" data-widget_type=\"text-editor.default\">\n\t\t\t\t<div class=\"elementor-widget-container\">\n\t\t\t\t\t\t\t<p>Le Site Web est fourni \u00ab TEL QUEL \u00bb et \u00ab DISPONIBLE \u00bb sans aucune garantie d'aucune sorte, expresse ou implicite, y compris mais sans s'y limiter, les garanties implicites de qualit\u00e9 marchande, d'adaptabilit\u00e9 \u00e0 un usage particulier ou de non-contrefa\u00e7on. Nous ne garantissons pas que le Site Web sera exempt d'erreurs, s\u00e9curis\u00e9 ou ininterrompu.<\/p>\t\t\t\t\t\t<\/div>\n\t\t\t\t<\/div>\n\t\t\t\t<div class=\"elementor-element elementor-element-12391dc elementor-widget elementor-widget-heading\" data-id=\"12391dc\" data-element_type=\"widget\" data-widget_type=\"heading.default\">\n\t\t\t\t<div class=\"elementor-widget-container\">\n\t\t\t<h2 class=\"elementor-heading-title elementor-size-default\">6. Limitation de responsabilit\u00e9<\/h2>\t\t<\/div>\n\t\t\t\t<\/div>\n\t\t\t\t<div class=\"elementor-element elementor-element-3d107ef elementor-widget elementor-widget-text-editor\" data-id=\"3d107ef\" data-element_type=\"widget\" data-widget_type=\"text-editor.default\">\n\t\t\t\t<div class=\"elementor-widget-container\">\n\t\t\t\t\t\t\t<p>Dans toute la mesure permise par la loi, TridentTowersPuertoVallarta.com et ses affili\u00e9s ne seront pas responsables de tout dommage indirect, accessoire, sp\u00e9cial, cons\u00e9cutif ou punitif d\u00e9coulant de ou li\u00e9 \u00e0 votre utilisation du Site Web, m\u00eame si nous avons \u00e9t\u00e9 inform\u00e9s de la possibilit\u00e9 de tels dommages.<\/p>\t\t\t\t\t\t<\/div>\n\t\t\t\t<\/div>\n\t\t\t\t<div class=\"elementor-element elementor-element-bd8d767 elementor-widget elementor-widget-heading\" data-id=\"bd8d767\" data-element_type=\"widget\" data-widget_type=\"heading.default\">\n\t\t\t\t<div class=\"elementor-widget-container\">\n\t\t\t<h2 class=\"elementor-heading-title elementor-size-default\">7. Indemnisation<\/h2>\t\t<\/div>\n\t\t\t\t<\/div>\n\t\t\t\t<div class=\"elementor-element elementor-element-a0c2295 elementor-widget elementor-widget-text-editor\" data-id=\"a0c2295\" data-element_type=\"widget\" data-widget_type=\"text-editor.default\">\n\t\t\t\t<div class=\"elementor-widget-container\">\n\t\t\t\t\t\t\t<p>Vous acceptez d'indemniser, de d\u00e9fendre et de tenir indemnes TridentTowersPuertoVallarta.com, ses dirigeants, directeurs, employ\u00e9s et affili\u00e9s de toute r\u00e9clamation, responsabilit\u00e9, dommage, perte ou d\u00e9pense d\u00e9coulant de votre utilisation du Site Web ou de la violation de ces Conditions.<\/p>\t\t\t\t\t\t<\/div>\n\t\t\t\t<\/div>\n\t\t\t\t<div class=\"elementor-element elementor-element-d3f69b3 elementor-widget elementor-widget-heading\" data-id=\"d3f69b3\" data-element_type=\"widget\" data-widget_type=\"heading.default\">\n\t\t\t\t<div class=\"elementor-widget-container\">\n\t\t\t<h2 class=\"elementor-heading-title elementor-size-default\">8. Modifications de ces Conditions<\/h2>\t\t<\/div>\n\t\t\t\t<\/div>\n\t\t\t\t<div class=\"elementor-element elementor-element-0ae2dd4 elementor-widget elementor-widget-text-editor\" data-id=\"0ae2dd4\" data-element_type=\"widget\" data-widget_type=\"text-editor.default\">\n\t\t\t\t<div class=\"elementor-widget-container\">\n\t\t\t\t\t\t\t<p>Nous pouvons mettre \u00e0 jour ces Conditions d'utilisation de temps \u00e0 autre. Toute modification sera effective imm\u00e9diatement apr\u00e8s sa publication sur le Site Web. Votre utilisation continue du<\/p>\t\t\t\t\t\t<\/div>\n\t\t\t\t<\/div>\n\t\t\t\t<div class=\"elementor-element elementor-element-e193458 elementor-widget elementor-widget-heading\" data-id=\"e193458\" data-element_type=\"widget\" data-widget_type=\"heading.default\">\n\t\t\t\t<div class=\"elementor-widget-container\">\n\t\t\t<h2 class=\"elementor-heading-title elementor-size-default\">9. Droit applicable<\/h2>\t\t<\/div>\n\t\t\t\t<\/div>\n\t\t\t\t<div class=\"elementor-element elementor-element-b457d54 elementor-widget elementor-widget-text-editor\" data-id=\"b457d54\" data-element_type=\"widget\" data-widget_type=\"text-editor.default\">\n\t\t\t\t<div class=\"elementor-widget-container\">\n\t\t\t\t\t\t\t<p>Ces Conditions d'utilisation sont r\u00e9gies par les lois de [Ins\u00e9rer la juridiction], sans tenir compte de ses principes de conflit de lois. Tout diff\u00e9rend d\u00e9coulant de ces Conditions sera r\u00e9solu exclusivement devant les tribunaux de [Ins\u00e9rer la juridiction].<\/p>\t\t\t\t\t\t<\/div>\n\t\t\t\t<\/div>\n\t\t\t\t<div class=\"elementor-element elementor-element-1257e6a elementor-widget elementor-widget-heading\" data-id=\"1257e6a\" data-element_type=\"widget\" data-widget_type=\"heading.default\">\n\t\t\t\t<div class=\"elementor-widget-container\">\n\t\t\t<h2 class=\"elementor-heading-title elementor-size-default\">10. Contactez-nous<\/h2>\t\t<\/div>\n\t\t\t\t<\/div>\n\t\t\t\t<div class=\"elementor-element elementor-element-7c59bf7 elementor-widget elementor-widget-text-editor\" data-id=\"7c59bf7\" data-element_type=\"widget\" data-widget_type=\"text-editor.default\">\n\t\t\t\t<div class=\"elementor-widget-container\">\n\t\t\t\t\t\t\t<p>Si vous avez des questions ou des pr\u00e9occupations concernant ces Conditions d'utilisation, veuillez nous contacter : about these Terms of Use, please contact us:<\/p>\n<p><b>Tridenta Towers Puerto Vallarta<br><\/b>Site Web :<a href=\"https:\/\/tridentatowerspuertovallarta.com\/fr\/\">&nbsp;https:\/\/tridentatowerspuertovallarta.com<\/a><br>Email: tridentatowerspuertovallarta@gmail.com<\/p>\t\t\t\t\t\t<\/div>\n\t\t\t\t<\/div>\n\t\t\t\t<div class=\"elementor-element elementor-element-d366c35 elementor-widget elementor-widget-text-editor\" data-id=\"d366c35\" data-element_type=\"widget\" data-widget_type=\"text-editor.default\">\n\t\t\t\t<div class=\"elementor-widget-container\">\n\t\t\t\t\t\t\t<p>En utilisant ce Site Web, vous reconnaissez avoir lu, compris et accept\u00e9 ces Conditions d'utilisation.<\/p>\t\t\t\t\t\t<\/div>\n\t\t\t\t<\/div>\n\t\t\t\t\t<\/div>\n\t\t<\/div>\n\t\t\t\t\t<\/div>\n\t\t<\/section>\n\t\t\t\t<\/div>","protected":false},"excerpt":{"rendered":"<p>Effective Date: 12\/27\/2024 Welcome to TridentTowersPuertoVallarta.com\u00a0(the \u201cWebsite\u201d). By accessing or using our Website, you agree to comply with and be bound by these Terms of Use. If you do not agree with these terms, please do not use the Website. 1. Use of the Website a. Eligibility You must be at least 18 years old [&hellip;]<\/p>","protected":false},"author":2,"featured_media":0,"parent":0,"menu_order":0,"comment_status":"closed","ping_status":"open","template":"","meta":{"footnotes":""},"class_list":["post-7157","page","type-page","status-publish","hentry"],"yoast_head":"<!-- This site is optimized with the Yoast SEO plugin v26.5 - https:\/\/yoast.com\/wordpress\/plugins\/seo\/ -->\n<title>Terms of Use - Tridenta Towers Puerto Vallarta<\/title>\n<meta name=\"robots\" content=\"index, follow, max-snippet:-1, max-image-preview:large, max-video-preview:-1\" \/>\n<link rel=\"canonical\" href=\"https:\/\/tridentatowerspuertovallarta.com\/fr\/conditions-dutilisation\/\" \/>\n<meta property=\"og:locale\" content=\"fr_CA\" \/>\n<meta property=\"og:type\" content=\"article\" \/>\n<meta property=\"og:title\" content=\"Terms of Use - Tridenta Towers Puerto Vallarta\" \/>\n<meta property=\"og:description\" content=\"Effective Date: 12\/27\/2024 Welcome to TridentTowersPuertoVallarta.com\u00a0(the \u201cWebsite\u201d). By accessing or using our Website, you agree to comply with and be bound by these Terms of Use. If you do not agree with these terms, please do not use the Website. 1. Use of the Website a. Eligibility You must be at least 18 years old [&hellip;]\" \/>\n<meta property=\"og:url\" content=\"https:\/\/tridentatowerspuertovallarta.com\/fr\/conditions-dutilisation\/\" \/>\n<meta property=\"og:site_name\" content=\"Tridenta Towers Puerto Vallarta\" \/>\n<meta property=\"article:modified_time\" content=\"2025-01-31T20:00:07+00:00\" \/>\n<meta name=\"twitter:card\" content=\"summary_large_image\" \/>\n<meta name=\"twitter:label1\" content=\"Est. reading time\" \/>\n\t<meta name=\"twitter:data1\" content=\"3 minutes\" \/>\n<script type=\"application\/ld+json\" class=\"yoast-schema-graph\">{\"@context\":\"https:\/\/schema.org\",\"@graph\":[{\"@type\":\"WebPage\",\"@id\":\"https:\/\/tridentatowerspuertovallarta.com\/terms-of-use\/\",\"url\":\"https:\/\/tridentatowerspuertovallarta.com\/terms-of-use\/\",\"name\":\"Terms of Use - Tridenta Towers Puerto Vallarta\",\"isPartOf\":{\"@id\":\"https:\/\/tridentatowerspuertovallarta.com\/#website\"},\"datePublished\":\"2024-12-30T13:30:59+00:00\",\"dateModified\":\"2025-01-31T20:00:07+00:00\",\"breadcrumb\":{\"@id\":\"https:\/\/tridentatowerspuertovallarta.com\/terms-of-use\/#breadcrumb\"},\"inLanguage\":\"fr-CA\",\"potentialAction\":[{\"@type\":\"ReadAction\",\"target\":[\"https:\/\/tridentatowerspuertovallarta.com\/terms-of-use\/\"]}]},{\"@type\":\"BreadcrumbList\",\"@id\":\"https:\/\/tridentatowerspuertovallarta.com\/terms-of-use\/#breadcrumb\",\"itemListElement\":[{\"@type\":\"ListItem\",\"position\":1,\"name\":\"Home\",\"item\":\"https:\/\/tridentatowerspuertovallarta.com\/\"},{\"@type\":\"ListItem\",\"position\":2,\"name\":\"Terms of Use\"}]},{\"@type\":\"WebSite\",\"@id\":\"https:\/\/tridentatowerspuertovallarta.com\/#website\",\"url\":\"https:\/\/tridentatowerspuertovallarta.com\/\",\"name\":\"Tridenta Towers Puerto Vallarta\",\"description\":\"Condos For Sale at Tridenta Towers Vallarta\",\"publisher\":{\"@id\":\"https:\/\/tridentatowerspuertovallarta.com\/#organization\"},\"potentialAction\":[{\"@type\":\"SearchAction\",\"target\":{\"@type\":\"EntryPoint\",\"urlTemplate\":\"https:\/\/tridentatowerspuertovallarta.com\/?s={search_term_string}\"},\"query-input\":{\"@type\":\"PropertyValueSpecification\",\"valueRequired\":true,\"valueName\":\"search_term_string\"}}],\"inLanguage\":\"fr-CA\"},{\"@type\":\"Organization\",\"@id\":\"https:\/\/tridentatowerspuertovallarta.com\/#organization\",\"name\":\"Tridenta Towers Puerto Vallarta\",\"url\":\"https:\/\/tridentatowerspuertovallarta.com\/\",\"logo\":{\"@type\":\"ImageObject\",\"inLanguage\":\"fr-CA\",\"@id\":\"https:\/\/tridentatowerspuertovallarta.com\/#\/schema\/logo\/image\/\",\"url\":\"https:\/\/tridentatowerspuertovallarta.com\/wp-content\/uploads\/2025\/01\/cropped-cropped-Tridenta-Towers-Logo.png\",\"contentUrl\":\"https:\/\/tridentatowerspuertovallarta.com\/wp-content\/uploads\/2025\/01\/cropped-cropped-Tridenta-Towers-Logo.png\",\"width\":79,\"height\":80,\"caption\":\"Tridenta Towers Puerto Vallarta\"},\"image\":{\"@id\":\"https:\/\/tridentatowerspuertovallarta.com\/#\/schema\/logo\/image\/\"}}]}<\/script>\n<!-- \/ Yoast SEO plugin. -->","yoast_head_json":{"title":"Terms of Use - Tridenta Towers Puerto Vallarta","robots":{"index":"index","follow":"follow","max-snippet":"max-snippet:-1","max-image-preview":"max-image-preview:large","max-video-preview":"max-video-preview:-1"},"canonical":"https:\/\/tridentatowerspuertovallarta.com\/fr\/conditions-dutilisation\/","og_locale":"fr_CA","og_type":"article","og_title":"Terms of Use - Tridenta Towers Puerto Vallarta","og_description":"Effective Date: 12\/27\/2024 Welcome to TridentTowersPuertoVallarta.com\u00a0(the \u201cWebsite\u201d). By accessing or using our Website, you agree to comply with and be bound by these Terms of Use. If you do not agree with these terms, please do not use the Website. 1. Use of the Website a. Eligibility You must be at least 18 years old [&hellip;]","og_url":"https:\/\/tridentatowerspuertovallarta.com\/fr\/conditions-dutilisation\/","og_site_name":"Tridenta Towers Puerto Vallarta","article_modified_time":"2025-01-31T20:00:07+00:00","twitter_card":"summary_large_image","twitter_misc":{"Est. reading time":"3 minutes"},"schema":{"@context":"https:\/\/schema.org","@graph":[{"@type":"WebPage","@id":"https:\/\/tridentatowerspuertovallarta.com\/terms-of-use\/","url":"https:\/\/tridentatowerspuertovallarta.com\/terms-of-use\/","name":"Terms of Use - Tridenta Towers Puerto Vallarta","isPartOf":{"@id":"https:\/\/tridentatowerspuertovallarta.com\/#website"},"datePublished":"2024-12-30T13:30:59+00:00","dateModified":"2025-01-31T20:00:07+00:00","breadcrumb":{"@id":"https:\/\/tridentatowerspuertovallarta.com\/terms-of-use\/#breadcrumb"},"inLanguage":"fr-CA","potentialAction":[{"@type":"ReadAction","target":["https:\/\/tridentatowerspuertovallarta.com\/terms-of-use\/"]}]},{"@type":"BreadcrumbList","@id":"https:\/\/tridentatowerspuertovallarta.com\/terms-of-use\/#breadcrumb","itemListElement":[{"@type":"ListItem","position":1,"name":"Home","item":"https:\/\/tridentatowerspuertovallarta.com\/"},{"@type":"ListItem","position":2,"name":"Terms of Use"}]},{"@type":"WebSite","@id":"https:\/\/tridentatowerspuertovallarta.com\/#website","url":"https:\/\/tridentatowerspuertovallarta.com\/","name":"Tridenta Towers Puerto Vallarta","description":"Condos For Sale at Tridenta Towers Vallarta","publisher":{"@id":"https:\/\/tridentatowerspuertovallarta.com\/#organization"},"potentialAction":[{"@type":"SearchAction","target":{"@type":"EntryPoint","urlTemplate":"https:\/\/tridentatowerspuertovallarta.com\/?s={search_term_string}"},"query-input":{"@type":"PropertyValueSpecification","valueRequired":true,"valueName":"search_term_string"}}],"inLanguage":"fr-CA"},{"@type":"Organization","@id":"https:\/\/tridentatowerspuertovallarta.com\/#organization","name":"Tridenta Towers Puerto Vallarta","url":"https:\/\/tridentatowerspuertovallarta.com\/","logo":{"@type":"ImageObject","inLanguage":"fr-CA","@id":"https:\/\/tridentatowerspuertovallarta.com\/#\/schema\/logo\/image\/","url":"https:\/\/tridentatowerspuertovallarta.com\/wp-content\/uploads\/2025\/01\/cropped-cropped-Tridenta-Towers-Logo.png","contentUrl":"https:\/\/tridentatowerspuertovallarta.com\/wp-content\/uploads\/2025\/01\/cropped-cropped-Tridenta-Towers-Logo.png","width":79,"height":80,"caption":"Tridenta Towers Puerto Vallarta"},"image":{"@id":"https:\/\/tridentatowerspuertovallarta.com\/#\/schema\/logo\/image\/"}}]}},"_links":{"self":[{"href":"https:\/\/tridentatowerspuertovallarta.com\/fr\/wp-json\/wp\/v2\/pages\/7157","targetHints":{"allow":["GET"]}}],"collection":[{"href":"https:\/\/tridentatowerspuertovallarta.com\/fr\/wp-json\/wp\/v2\/pages"}],"about":[{"href":"https:\/\/tridentatowerspuertovallarta.com\/fr\/wp-json\/wp\/v2\/types\/page"}],"author":[{"embeddable":true,"href":"https:\/\/tridentatowerspuertovallarta.com\/fr\/wp-json\/wp\/v2\/users\/2"}],"replies":[{"embeddable":true,"href":"https:\/\/tridentatowerspuertovallarta.com\/fr\/wp-json\/wp\/v2\/comments?post=7157"}],"version-history":[{"count":10,"href":"https:\/\/tridentatowerspuertovallarta.com\/fr\/wp-json\/wp\/v2\/pages\/7157\/revisions"}],"predecessor-version":[{"id":7884,"href":"https:\/\/tridentatowerspuertovallarta.com\/fr\/wp-json\/wp\/v2\/pages\/7157\/revisions\/7884"}],"wp:attachment":[{"href":"https:\/\/tridentatowerspuertovallarta.com\/fr\/wp-json\/wp\/v2\/media?parent=7157"}],"curies":[{"name":"wp","href":"https:\/\/api.w.org\/{rel}","templated":true}]}}