{"id":7113,"date":"2024-12-21T17:13:04","date_gmt":"2024-12-21T17:13:04","guid":{"rendered":"https:\/\/tridentatowerspuertovallarta.com\/?page_id=7113"},"modified":"2025-02-05T00:06:34","modified_gmt":"2025-02-05T00:06:34","slug":"sell-your-property","status":"publish","type":"page","link":"https:\/\/tridentatowerspuertovallarta.com\/fr\/vendez-votre-propriete\/","title":{"rendered":"Vendez votre propri\u00e9t\u00e9"},"content":{"rendered":"<div data-elementor-type=\"wp-page\" data-elementor-id=\"7113\" class=\"elementor elementor-7113\" data-elementor-post-type=\"page\">\n\t\t\t\t\t\t<section class=\"elementor-section elementor-top-section elementor-element elementor-element-58f9e85 elementor-section-boxed elementor-section-height-default elementor-section-height-default\" data-id=\"58f9e85\" data-element_type=\"section\" data-settings=\"{&quot;background_background&quot;:&quot;classic&quot;}\">\n\t\t\t\t\t\t<div class=\"elementor-container elementor-column-gap-default\">\n\t\t\t\t\t<div class=\"elementor-column elementor-col-100 elementor-top-column elementor-element elementor-element-2a34314\" data-id=\"2a34314\" data-element_type=\"column\">\n\t\t\t<div class=\"elementor-widget-wrap elementor-element-populated\">\n\t\t\t\t\t\t<div class=\"elementor-element elementor-element-d4fa064 elementor-widget elementor-widget-heading\" data-id=\"d4fa064\" data-element_type=\"widget\" data-widget_type=\"heading.default\">\n\t\t\t\t<div class=\"elementor-widget-container\">\n\t\t\t<h2 class=\"elementor-heading-title elementor-size-default\">Remplissez ce formulaire pour vendre votre propri\u00e9t\u00e9 d\u00e8s aujourd\u2019hui !<\/h2>\t\t<\/div>\n\t\t\t\t<\/div>\n\t\t\t\t<div class=\"elementor-element elementor-element-d806858 elementor-widget elementor-widget-text-editor\" data-id=\"d806858\" data-element_type=\"widget\" data-widget_type=\"text-editor.default\">\n\t\t\t\t<div class=\"elementor-widget-container\">\n\t\t\t\t\t\t\t<h4>Ajoutez vos coordonn\u00e9es ci-dessous et nous vous r\u00e9pondrons dans les 24 heures.<\/h4><h4>\u00a0<\/h4>\t\t\t\t\t\t<\/div>\n\t\t\t\t<\/div>\n\t\t\t\t<div class=\"elementor-element elementor-element-d694533 ube-contact-form-7-button-custom elementor-widget elementor-widget-ube-contact-form-7\" data-id=\"d694533\" data-element_type=\"widget\" data-widget_type=\"ube-contact-form-7.default\">\n\t\t\t\t<div class=\"elementor-widget-container\">\n\t\t\t    <div class=\"ube-contact-form-7-wrapper\">\n        <div class=\"ube-contact-form ube-contact-form-7 ube-contact-form-d694533 ube-contact-form-7-button-custom\">\n\t\t\t\n<div class=\"wpcf7 no-js\" id=\"wpcf7-f121-o1\" lang=\"en-US\" dir=\"ltr\" data-wpcf7-id=\"121\">\n<div class=\"screen-reader-response\"><p role=\"status\" aria-live=\"polite\" aria-atomic=\"true\"><\/p> <ul><\/ul><\/div>\n<form action=\"\/fr\/wp-json\/wp\/v2\/pages\/7113#wpcf7-f121-o1\" method=\"post\" class=\"wpcf7-form init\" aria-label=\"Contact form\" novalidate=\"novalidate\" data-status=\"init\" data-trp-original-action=\"\/fr\/wp-json\/wp\/v2\/pages\/7113#wpcf7-f121-o1\">\n<fieldset class=\"hidden-fields-container\"><input type=\"hidden\" name=\"_wpcf7\" value=\"121\" \/><input type=\"hidden\" name=\"_wpcf7_version\" value=\"6.1.4\" \/><input type=\"hidden\" name=\"_wpcf7_locale\" value=\"en_US\" \/><input type=\"hidden\" name=\"_wpcf7_unit_tag\" value=\"wpcf7-f121-o1\" \/><input type=\"hidden\" name=\"_wpcf7_container_post\" value=\"0\" \/><input type=\"hidden\" name=\"_wpcf7_posted_data_hash\" value=\"\" \/>\n<\/fieldset>\n<div class=\"homeid-contact-form style-04 row\">\n\t<div class=\"item-contact firt-name col-md-6 col-12\">\n\t\t<p><span class=\"wpcf7-form-control-wrap\" data-name=\"first-name\"><input size=\"40\" maxlength=\"400\" class=\"wpcf7-form-control wpcf7-text wpcf7-validates-as-required\" aria-required=\"true\" aria-invalid=\"false\" placeholder=\"Pr\u00e9nom\" value=\"\" type=\"text\" name=\"first-name\" \/><\/span>\n\t\t<\/p>\n\t<\/div>\n\t<div class=\"item-contact last-name col-md-6 col-12\">\n\t\t<p><span class=\"wpcf7-form-control-wrap\" data-name=\"last-name\"><input size=\"40\" maxlength=\"400\" class=\"wpcf7-form-control wpcf7-text wpcf7-validates-as-required\" aria-required=\"true\" aria-invalid=\"false\" placeholder=\"Nom de famille\" value=\"\" type=\"text\" name=\"last-name\" \/><\/span>\n\t\t<\/p>\n\t<\/div>\n\t<div class=\"item-contact email col-md-6 col-12\">\n\t\t<p><span class=\"wpcf7-form-control-wrap\" data-name=\"email\"><input size=\"40\" maxlength=\"400\" class=\"wpcf7-form-control wpcf7-email wpcf7-validates-as-required wpcf7-text wpcf7-validates-as-email\" aria-required=\"true\" aria-invalid=\"false\" placeholder=\"Votre courriel\" value=\"\" type=\"email\" name=\"email\" \/><\/span>\n\t\t<\/p>\n\t<\/div>\n\t<div class=\"item-contact phone col-md-6 col-12\">\n\t\t<p><span class=\"wpcf7-form-control-wrap\" data-name=\"tel\"><input size=\"40\" maxlength=\"400\" class=\"wpcf7-form-control wpcf7-text wpcf7-validates-as-required\" aria-required=\"true\" aria-invalid=\"false\" placeholder=\"Votre t\u00e9l\u00e9phone\" value=\"\" type=\"text\" name=\"tel\" \/><\/span>\n\t\t<\/p>\n\t<\/div>\n\t<div class=\"item-contact col-12\">\n\t\t<p><span class=\"wpcf7-form-control-wrap\" data-name=\"messenger\"><textarea cols=\"40\" rows=\"10\" maxlength=\"2000\" class=\"wpcf7-form-control wpcf7-textarea wpcf7-validates-as-required\" aria-required=\"true\" aria-invalid=\"false\" placeholder=\"Messager\" name=\"messenger\"><\/textarea><\/span>\n\t\t<\/p>\n\t<\/div>\n\t<div class=\"item-contact submit col-12\">\n\t\t<p><input class=\"wpcf7-form-control wpcf7-submit has-spinner\" type=\"submit\" value=\"Soumettre\" \/>\n\t\t<\/p>\n\t<\/div>\n<\/div><p style=\"display: none !important;\" class=\"akismet-fields-container\" data-prefix=\"_wpcf7_ak_\"><label>&#916;<textarea name=\"_wpcf7_ak_hp_textarea\" cols=\"45\" rows=\"8\" maxlength=\"100\"><\/textarea><\/label><input type=\"hidden\" id=\"ak_js_1\" name=\"_wpcf7_ak_js\" value=\"115\"\/><script>document.getElementById( \"ak_js_1\" ).setAttribute( \"value\", ( new Date() ).getTime() );<\/script><\/p><div class=\"wpcf7-response-output\" aria-hidden=\"true\"><\/div>\n<input type=\"hidden\" name=\"trp-form-language\" value=\"fr\"\/><\/form>\n<\/div>\n        <\/div>\n    <\/div>\n\t\t<\/div>\n\t\t\t\t<\/div>\n\t\t\t\t\t<\/div>\n\t\t<\/div>\n\t\t\t\t\t<\/div>\n\t\t<\/section>\n\t\t\t\t<\/div>","protected":false},"excerpt":{"rendered":"<p>Fill Out This Form to Sell your Property Today! Add your contact details below and we&#8217;ll get back to you within 24 hours. \u00a0 &#916;<\/p>","protected":false},"author":2,"featured_media":0,"parent":0,"menu_order":0,"comment_status":"closed","ping_status":"closed","template":"","meta":{"footnotes":""},"class_list":["post-7113","page","type-page","status-publish","hentry"],"yoast_head":"<!-- This site is optimized with the Yoast SEO plugin v26.5 - https:\/\/yoast.com\/wordpress\/plugins\/seo\/ -->\n<title>Sell your Property - Tridenta Towers Puerto Vallarta<\/title>\n<meta name=\"description\" content=\"Want to sell a condo at Tridenta Towers Puerto Vallarta? Then check out this page to learn why we are the best choice to help you!\" \/>\n<meta name=\"robots\" content=\"index, follow, max-snippet:-1, max-image-preview:large, max-video-preview:-1\" \/>\n<link rel=\"canonical\" href=\"https:\/\/tridentatowerspuertovallarta.com\/fr\/vendez-votre-propriete\/\" \/>\n<meta property=\"og:locale\" content=\"fr_CA\" \/>\n<meta property=\"og:type\" content=\"article\" \/>\n<meta property=\"og:title\" content=\"Sell your Property - Tridenta Towers Puerto Vallarta\" \/>\n<meta property=\"og:description\" content=\"Want to sell a condo at Tridenta Towers Puerto Vallarta? Then check out this page to learn why we are the best choice to help you!\" \/>\n<meta property=\"og:url\" content=\"https:\/\/tridentatowerspuertovallarta.com\/fr\/vendez-votre-propriete\/\" \/>\n<meta property=\"og:site_name\" content=\"Tridenta Towers Puerto Vallarta\" \/>\n<meta property=\"article:modified_time\" content=\"2025-02-05T00:06:34+00:00\" \/>\n<meta name=\"twitter:card\" content=\"summary_large_image\" \/>\n<meta name=\"twitter:label1\" content=\"Est. reading time\" \/>\n\t<meta name=\"twitter:data1\" content=\"1 minute\" \/>\n<script type=\"application\/ld+json\" class=\"yoast-schema-graph\">{\"@context\":\"https:\/\/schema.org\",\"@graph\":[{\"@type\":\"WebPage\",\"@id\":\"https:\/\/tridentatowerspuertovallarta.com\/sell-your-property\/\",\"url\":\"https:\/\/tridentatowerspuertovallarta.com\/sell-your-property\/\",\"name\":\"Sell your Property - Tridenta Towers Puerto Vallarta\",\"isPartOf\":{\"@id\":\"https:\/\/tridentatowerspuertovallarta.com\/#website\"},\"datePublished\":\"2024-12-21T17:13:04+00:00\",\"dateModified\":\"2025-02-05T00:06:34+00:00\",\"description\":\"Want to sell a condo at Tridenta Towers Puerto Vallarta? Then check out this page to learn why we are the best choice to help you!\",\"breadcrumb\":{\"@id\":\"https:\/\/tridentatowerspuertovallarta.com\/sell-your-property\/#breadcrumb\"},\"inLanguage\":\"fr-CA\",\"potentialAction\":[{\"@type\":\"ReadAction\",\"target\":[\"https:\/\/tridentatowerspuertovallarta.com\/sell-your-property\/\"]}]},{\"@type\":\"BreadcrumbList\",\"@id\":\"https:\/\/tridentatowerspuertovallarta.com\/sell-your-property\/#breadcrumb\",\"itemListElement\":[{\"@type\":\"ListItem\",\"position\":1,\"name\":\"Home\",\"item\":\"https:\/\/tridentatowerspuertovallarta.com\/\"},{\"@type\":\"ListItem\",\"position\":2,\"name\":\"Sell your Property\"}]},{\"@type\":\"WebSite\",\"@id\":\"https:\/\/tridentatowerspuertovallarta.com\/#website\",\"url\":\"https:\/\/tridentatowerspuertovallarta.com\/\",\"name\":\"Tridenta Towers Puerto Vallarta\",\"description\":\"Condos For Sale at Tridenta Towers Vallarta\",\"publisher\":{\"@id\":\"https:\/\/tridentatowerspuertovallarta.com\/#organization\"},\"potentialAction\":[{\"@type\":\"SearchAction\",\"target\":{\"@type\":\"EntryPoint\",\"urlTemplate\":\"https:\/\/tridentatowerspuertovallarta.com\/?s={search_term_string}\"},\"query-input\":{\"@type\":\"PropertyValueSpecification\",\"valueRequired\":true,\"valueName\":\"search_term_string\"}}],\"inLanguage\":\"fr-CA\"},{\"@type\":\"Organization\",\"@id\":\"https:\/\/tridentatowerspuertovallarta.com\/#organization\",\"name\":\"Tridenta Towers Puerto Vallarta\",\"url\":\"https:\/\/tridentatowerspuertovallarta.com\/\",\"logo\":{\"@type\":\"ImageObject\",\"inLanguage\":\"fr-CA\",\"@id\":\"https:\/\/tridentatowerspuertovallarta.com\/#\/schema\/logo\/image\/\",\"url\":\"https:\/\/tridentatowerspuertovallarta.com\/wp-content\/uploads\/2025\/01\/cropped-cropped-Tridenta-Towers-Logo.png\",\"contentUrl\":\"https:\/\/tridentatowerspuertovallarta.com\/wp-content\/uploads\/2025\/01\/cropped-cropped-Tridenta-Towers-Logo.png\",\"width\":79,\"height\":80,\"caption\":\"Tridenta Towers Puerto Vallarta\"},\"image\":{\"@id\":\"https:\/\/tridentatowerspuertovallarta.com\/#\/schema\/logo\/image\/\"}}]}<\/script>\n<!-- \/ Yoast SEO plugin. -->","yoast_head_json":{"title":"Sell your Property - Tridenta Towers Puerto Vallarta","description":"Want to sell a condo at Tridenta Towers Puerto Vallarta? Then check out this page to learn why we are the best choice to help you!","robots":{"index":"index","follow":"follow","max-snippet":"max-snippet:-1","max-image-preview":"max-image-preview:large","max-video-preview":"max-video-preview:-1"},"canonical":"https:\/\/tridentatowerspuertovallarta.com\/fr\/vendez-votre-propriete\/","og_locale":"fr_CA","og_type":"article","og_title":"Sell your Property - Tridenta Towers Puerto Vallarta","og_description":"Want to sell a condo at Tridenta Towers Puerto Vallarta? Then check out this page to learn why we are the best choice to help you!","og_url":"https:\/\/tridentatowerspuertovallarta.com\/fr\/vendez-votre-propriete\/","og_site_name":"Tridenta Towers Puerto Vallarta","article_modified_time":"2025-02-05T00:06:34+00:00","twitter_card":"summary_large_image","twitter_misc":{"Est. reading time":"1 minute"},"schema":{"@context":"https:\/\/schema.org","@graph":[{"@type":"WebPage","@id":"https:\/\/tridentatowerspuertovallarta.com\/sell-your-property\/","url":"https:\/\/tridentatowerspuertovallarta.com\/sell-your-property\/","name":"Sell your Property - Tridenta Towers Puerto Vallarta","isPartOf":{"@id":"https:\/\/tridentatowerspuertovallarta.com\/#website"},"datePublished":"2024-12-21T17:13:04+00:00","dateModified":"2025-02-05T00:06:34+00:00","description":"Want to sell a condo at Tridenta Towers Puerto Vallarta? Then check out this page to learn why we are the best choice to help you!","breadcrumb":{"@id":"https:\/\/tridentatowerspuertovallarta.com\/sell-your-property\/#breadcrumb"},"inLanguage":"fr-CA","potentialAction":[{"@type":"ReadAction","target":["https:\/\/tridentatowerspuertovallarta.com\/sell-your-property\/"]}]},{"@type":"BreadcrumbList","@id":"https:\/\/tridentatowerspuertovallarta.com\/sell-your-property\/#breadcrumb","itemListElement":[{"@type":"ListItem","position":1,"name":"Home","item":"https:\/\/tridentatowerspuertovallarta.com\/"},{"@type":"ListItem","position":2,"name":"Sell your Property"}]},{"@type":"WebSite","@id":"https:\/\/tridentatowerspuertovallarta.com\/#website","url":"https:\/\/tridentatowerspuertovallarta.com\/","name":"Tridenta Towers Puerto Vallarta","description":"Condos For Sale at Tridenta Towers Vallarta","publisher":{"@id":"https:\/\/tridentatowerspuertovallarta.com\/#organization"},"potentialAction":[{"@type":"SearchAction","target":{"@type":"EntryPoint","urlTemplate":"https:\/\/tridentatowerspuertovallarta.com\/?s={search_term_string}"},"query-input":{"@type":"PropertyValueSpecification","valueRequired":true,"valueName":"search_term_string"}}],"inLanguage":"fr-CA"},{"@type":"Organization","@id":"https:\/\/tridentatowerspuertovallarta.com\/#organization","name":"Tridenta Towers Puerto Vallarta","url":"https:\/\/tridentatowerspuertovallarta.com\/","logo":{"@type":"ImageObject","inLanguage":"fr-CA","@id":"https:\/\/tridentatowerspuertovallarta.com\/#\/schema\/logo\/image\/","url":"https:\/\/tridentatowerspuertovallarta.com\/wp-content\/uploads\/2025\/01\/cropped-cropped-Tridenta-Towers-Logo.png","contentUrl":"https:\/\/tridentatowerspuertovallarta.com\/wp-content\/uploads\/2025\/01\/cropped-cropped-Tridenta-Towers-Logo.png","width":79,"height":80,"caption":"Tridenta Towers Puerto Vallarta"},"image":{"@id":"https:\/\/tridentatowerspuertovallarta.com\/#\/schema\/logo\/image\/"}}]}},"_links":{"self":[{"href":"https:\/\/tridentatowerspuertovallarta.com\/fr\/wp-json\/wp\/v2\/pages\/7113","targetHints":{"allow":["GET"]}}],"collection":[{"href":"https:\/\/tridentatowerspuertovallarta.com\/fr\/wp-json\/wp\/v2\/pages"}],"about":[{"href":"https:\/\/tridentatowerspuertovallarta.com\/fr\/wp-json\/wp\/v2\/types\/page"}],"author":[{"embeddable":true,"href":"https:\/\/tridentatowerspuertovallarta.com\/fr\/wp-json\/wp\/v2\/users\/2"}],"replies":[{"embeddable":true,"href":"https:\/\/tridentatowerspuertovallarta.com\/fr\/wp-json\/wp\/v2\/comments?post=7113"}],"version-history":[{"count":31,"href":"https:\/\/tridentatowerspuertovallarta.com\/fr\/wp-json\/wp\/v2\/pages\/7113\/revisions"}],"predecessor-version":[{"id":7825,"href":"https:\/\/tridentatowerspuertovallarta.com\/fr\/wp-json\/wp\/v2\/pages\/7113\/revisions\/7825"}],"wp:attachment":[{"href":"https:\/\/tridentatowerspuertovallarta.com\/fr\/wp-json\/wp\/v2\/media?parent=7113"}],"curies":[{"name":"wp","href":"https:\/\/api.w.org\/{rel}","templated":true}]}}