{"id":3,"date":"2020-07-08T03:02:17","date_gmt":"2020-07-08T03:02:17","guid":{"rendered":"https:\/\/homeid-elementor-demo1.g5plus.net\/?page_id=3"},"modified":"2025-02-01T08:09:27","modified_gmt":"2025-02-01T08:09:27","slug":"privacy-policy","status":"publish","type":"page","link":"https:\/\/tridentatowerspuertovallarta.com\/fr\/politique-de-confidentialite\/","title":{"rendered":"Politique de confidentialit\u00e9"},"content":{"rendered":"<div data-elementor-type=\"wp-page\" data-elementor-id=\"3\" class=\"elementor elementor-3\" data-elementor-post-type=\"page\">\n\t\t\t\t\t\t<section class=\"elementor-section elementor-top-section elementor-element elementor-element-6d1c0480 elementor-section-boxed elementor-section-height-default elementor-section-height-default\" data-id=\"6d1c0480\" data-element_type=\"section\">\n\t\t\t\t\t\t<div class=\"elementor-container elementor-column-gap-default\">\n\t\t\t\t\t<div class=\"elementor-column elementor-col-100 elementor-top-column elementor-element elementor-element-11c5a898\" data-id=\"11c5a898\" data-element_type=\"column\">\n\t\t\t<div class=\"elementor-widget-wrap elementor-element-populated\">\n\t\t\t\t\t\t<div class=\"elementor-element elementor-element-02f6fd2 elementor-widget elementor-widget-text-editor\" data-id=\"02f6fd2\" data-element_type=\"widget\" data-widget_type=\"text-editor.default\">\n\t\t\t\t<div class=\"elementor-widget-container\">\n\t\t\t\t\t\t\t<p><strong>Politique de confidentialit\u00e9 pour T<\/strong><b>ridentaTowersPuertoVallarta<\/b><strong style=\"color: var( --e-global-color-primary ); font-style: var(--g5-body-font-style); letter-spacing: var(--g5-body-letter-spacing); text-transform: var(--g5-body-text-transform);\">.com<\/strong><\/p><p><strong>Date d'entr\u00e9e en vigueur : 27\/12\/2024<\/strong><\/p><p>Chez\u00a0<span style=\"font-weight: bolder;\">T<\/span><span style=\"font-weight: bold;\">ridentaTowersPuertoVallarta<\/span><span style=\"font-weight: bolder; color: var( --e-global-color-primary ); font-style: var(--g5-body-font-style); letter-spacing: var(--g5-body-letter-spacing); text-transform: var(--g5-body-text-transform);\">.com<\/span>\u00a0(le \u00ab Site Web \u00bb), nous attachons une grande importance \u00e0 votre vie priv\u00e9e et nous nous engageons \u00e0 prot\u00e9ger vos informations personnelles. Cette politique de confidentialit\u00e9 explique comment nous collectons, utilisons et prot\u00e9geons vos donn\u00e9es lorsque vous visitez ou interagissez avec notre Site Web.<\/p>\t\t\t\t\t\t<\/div>\n\t\t\t\t<\/div>\n\t\t\t\t<div class=\"elementor-element elementor-element-8d211f3 elementor-widget elementor-widget-heading\" data-id=\"8d211f3\" data-element_type=\"widget\" data-widget_type=\"heading.default\">\n\t\t\t\t<div class=\"elementor-widget-container\">\n\t\t\t<h2 class=\"elementor-heading-title elementor-size-default\">1. Informations que nous collectons<\/h2>\t\t<\/div>\n\t\t\t\t<\/div>\n\t\t\t\t<div class=\"elementor-element elementor-element-fafdb2d elementor-widget elementor-widget-text-editor\" data-id=\"fafdb2d\" data-element_type=\"widget\" data-widget_type=\"text-editor.default\">\n\t\t\t\t<div class=\"elementor-widget-container\">\n\t\t\t\t\t\t\t<p>Nous collectons des informations pour offrir une meilleure exp\u00e9rience \u00e0 nos utilisateurs. Les types d'informations que nous pouvons collecter incluent :<\/p>\n<p><b>a. Informations personnelles<\/b><\/p>\n<p>Lorsque vous remplissez un formulaire, effectuez une demande de r\u00e9servation ou vous abonnez \u00e0 notre bulletin d'informations, nous pouvons collecter :<\/p>\n<ul>\n<li aria-level=\"1\">Nom<\/li>\n<\/ul>\n<ul>\n<li aria-level=\"1\">Adresse \u00e9lectronique<\/li>\n<\/ul>\n<ul>\n<li aria-level=\"1\">Num\u00e9ro de t\u00e9l\u00e9phone<\/li>\n<\/ul>\n<ul>\n<li aria-level=\"1\">Autres informations que vous fournissez<\/li>\n<\/ul>\n<p><b>b. Informations non personnelles<\/b><\/p>\n<p>Nous pouvons collecter des informations non identifiables automatiquement lorsque vous visitez le Site Web, telles que :<\/p>\n<ul>\n<li aria-level=\"1\">Adresse IP<\/li>\n<\/ul>\n<ul>\n<li aria-level=\"1\">Type de navigateur<\/li>\n<\/ul>\n<ul>\n<li aria-level=\"1\">Informations sur l'appareil<\/li>\n<\/ul>\n<ul>\n<li aria-level=\"1\">Pages consult\u00e9es et temps pass\u00e9 sur le site<\/li>\n<\/ul>\n<ul>\n<li aria-level=\"1\">Sites Web r\u00e9f\u00e9rents<\/li>\n<\/ul>\n<p><b>c. Cookies et technologies de suivi<\/b><\/p>\n<p>Nous utilisons des cookies et des technologies de suivi similaires pour am\u00e9liorer votre exp\u00e9rience. Les cookies sont de petits fichiers de donn\u00e9es stock\u00e9s sur votre appareil. Vous pouvez g\u00e9rer ou d\u00e9sactiver les cookies via les param\u00e8tres de votre navigateur.<\/p>\t\t\t\t\t\t<\/div>\n\t\t\t\t<\/div>\n\t\t\t\t<div class=\"elementor-element elementor-element-4426bdf elementor-widget elementor-widget-heading\" data-id=\"4426bdf\" data-element_type=\"widget\" data-widget_type=\"heading.default\">\n\t\t\t\t<div class=\"elementor-widget-container\">\n\t\t\t<h2 class=\"elementor-heading-title elementor-size-default\">2. Comment nous utilisons vos informations<\/h2>\t\t<\/div>\n\t\t\t\t<\/div>\n\t\t\t\t<div class=\"elementor-element elementor-element-e137779 elementor-widget elementor-widget-text-editor\" data-id=\"e137779\" data-element_type=\"widget\" data-widget_type=\"text-editor.default\">\n\t\t\t\t<div class=\"elementor-widget-container\">\n\t\t\t\t\t\t\t<p>Nous utilisons vos informations aux fins suivantes :<\/p>\n<ul>\n<li>Pour r\u00e9pondre aux demandes et fournir un support client<\/li>\n<li>Pour am\u00e9liorer la fonctionnalit\u00e9 et le contenu de notre Site Web<\/li>\n<li>Pour envoyer des bulletins d'information ou des mat\u00e9riaux promotionnels (si vous y avez consenti)<\/li>\n<li>Pour analyser le comportement et les pr\u00e9f\u00e9rences des utilisateurs<\/li>\n<li>Pour se conformer aux obligations l\u00e9gales<\/li>\n<\/ul>\t\t\t\t\t\t<\/div>\n\t\t\t\t<\/div>\n\t\t\t\t<div class=\"elementor-element elementor-element-fd8cd92 elementor-widget elementor-widget-heading\" data-id=\"fd8cd92\" data-element_type=\"widget\" data-widget_type=\"heading.default\">\n\t\t\t\t<div class=\"elementor-widget-container\">\n\t\t\t<h2 class=\"elementor-heading-title elementor-size-default\">3. Partage des informations<\/h2>\t\t<\/div>\n\t\t\t\t<\/div>\n\t\t\t\t<div class=\"elementor-element elementor-element-113b78a elementor-widget elementor-widget-text-editor\" data-id=\"113b78a\" data-element_type=\"widget\" data-widget_type=\"text-editor.default\">\n\t\t\t\t<div class=\"elementor-widget-container\">\n\t\t\t\t\t\t\t<p>Nous respectons votre vie priv\u00e9e et ne vendons ni ne louons vos informations personnelles. Cependant, nous pouvons partager vos informations dans les circonstances suivantes :<\/p>\n<ul>\n<li>Fournisseurs de services : Avec des tiers de confiance qui nous aident \u00e0 exploiter le Site Web, \u00e0 traiter les transactions ou \u00e0 fournir des services.<\/li>\n<li>Obligations l\u00e9gales : Si la loi l'exige ou pour prot\u00e9ger nos droits, biens ou s\u00e9curit\u00e9.<\/li>\n<li>Cessions d'entreprise : En cas de fusion, d'acquisition ou de vente d'actifs.<\/li>\n<\/ul>\t\t\t\t\t\t<\/div>\n\t\t\t\t<\/div>\n\t\t\t\t<div class=\"elementor-element elementor-element-ba9433e elementor-widget elementor-widget-heading\" data-id=\"ba9433e\" data-element_type=\"widget\" data-widget_type=\"heading.default\">\n\t\t\t\t<div class=\"elementor-widget-container\">\n\t\t\t<h2 class=\"elementor-heading-title elementor-size-default\">S\u00e9curit\u00e9 des donn\u00e9es<\/h2>\t\t<\/div>\n\t\t\t\t<\/div>\n\t\t\t\t<div class=\"elementor-element elementor-element-7875aa2 elementor-widget elementor-widget-text-editor\" data-id=\"7875aa2\" data-element_type=\"widget\" data-widget_type=\"text-editor.default\">\n\t\t\t\t<div class=\"elementor-widget-container\">\n\t\t\t\t\t\t\t<p>Nous mettons en place des mesures techniques et organisationnelles appropri\u00e9es pour prot\u00e9ger vos informations personnelles contre l'acc\u00e8s, la divulgation, la modification ou la destruction non autoris\u00e9s. Cependant, aucun syst\u00e8me en ligne ne peut \u00eatre s\u00e9curis\u00e9 \u00e0 100 %, et nous ne pouvons garantir une s\u00e9curit\u00e9 absolue.<\/p>\t\t\t\t\t\t<\/div>\n\t\t\t\t<\/div>\n\t\t\t\t<div class=\"elementor-element elementor-element-3c67e6c elementor-widget elementor-widget-heading\" data-id=\"3c67e6c\" data-element_type=\"widget\" data-widget_type=\"heading.default\">\n\t\t\t\t<div class=\"elementor-widget-container\">\n\t\t\t<h2 class=\"elementor-heading-title elementor-size-default\">Vos choix<\/h2>\t\t<\/div>\n\t\t\t\t<\/div>\n\t\t\t\t<div class=\"elementor-element elementor-element-7e0ed6d elementor-widget elementor-widget-text-editor\" data-id=\"7e0ed6d\" data-element_type=\"widget\" data-widget_type=\"text-editor.default\">\n\t\t\t\t<div class=\"elementor-widget-container\">\n\t\t\t\t\t\t\t<p><strong>Se d\u00e9sabonner des communications<\/strong><br \/>Vous pouvez vous d\u00e9sabonner des e-mails promotionnels en suivant le lien de d\u00e9sabonnement dans nos e-mails ou en nous contactant directement.<\/p>\n<p><strong>Gestion des cookies<\/strong><br \/>Vous pouvez ajuster les param\u00e8tres de votre navigateur pour refuser les cookies ou pour \u00eatre alert\u00e9 lorsqu'ils sont utilis\u00e9s.<\/p>\n<p><strong>c. Acc\u00e9der et mettre \u00e0 jour vos informations<\/strong><br \/>Si vous souhaitez acc\u00e9der, mettre \u00e0 jour ou supprimer vos informations personnelles, veuillez nous contacter en utilisant les coordonn\u00e9es ci-dessous.<\/p>\t\t\t\t\t\t<\/div>\n\t\t\t\t<\/div>\n\t\t\t\t<div class=\"elementor-element elementor-element-12391dc elementor-widget elementor-widget-heading\" data-id=\"12391dc\" data-element_type=\"widget\" data-widget_type=\"heading.default\">\n\t\t\t\t<div class=\"elementor-widget-container\">\n\t\t\t<h2 class=\"elementor-heading-title elementor-size-default\">6. Liens vers des sites tiers<\/h2>\t\t<\/div>\n\t\t\t\t<\/div>\n\t\t\t\t<div class=\"elementor-element elementor-element-3d107ef elementor-widget elementor-widget-text-editor\" data-id=\"3d107ef\" data-element_type=\"widget\" data-widget_type=\"text-editor.default\">\n\t\t\t\t<div class=\"elementor-widget-container\">\n\t\t\t\t\t\t\t<p>Notre Site Web peut inclure des liens vers des sites externes. Nous ne sommes pas responsables des pratiques de confidentialit\u00e9 de ces sites et vous encourageons \u00e0 consulter leurs politiques de confidentialit\u00e9.<\/p>\t\t\t\t\t\t<\/div>\n\t\t\t\t<\/div>\n\t\t\t\t<div class=\"elementor-element elementor-element-bd8d767 elementor-widget elementor-widget-heading\" data-id=\"bd8d767\" data-element_type=\"widget\" data-widget_type=\"heading.default\">\n\t\t\t\t<div class=\"elementor-widget-container\">\n\t\t\t<h2 class=\"elementor-heading-title elementor-size-default\">7. Vie priv\u00e9e des enfants<\/h2>\t\t<\/div>\n\t\t\t\t<\/div>\n\t\t\t\t<div class=\"elementor-element elementor-element-a0c2295 elementor-widget elementor-widget-text-editor\" data-id=\"a0c2295\" data-element_type=\"widget\" data-widget_type=\"text-editor.default\">\n\t\t\t\t<div class=\"elementor-widget-container\">\n\t\t\t\t\t\t\t<p>Notre Site Web n'est pas destin\u00e9 aux enfants de moins de 13 ans. Nous ne collectons pas sciemment d'informations personnelles provenant d'enfants. Si nous apprenons que nous avons collect\u00e9 par inadvertance des informations d'un enfant, nous les supprimerons rapidement.<\/p>\t\t\t\t\t\t<\/div>\n\t\t\t\t<\/div>\n\t\t\t\t<div class=\"elementor-element elementor-element-d3f69b3 elementor-widget elementor-widget-heading\" data-id=\"d3f69b3\" data-element_type=\"widget\" data-widget_type=\"heading.default\">\n\t\t\t\t<div class=\"elementor-widget-container\">\n\t\t\t<h2 class=\"elementor-heading-title elementor-size-default\">8. Modifications de cette politique de confidentialit\u00e9<\/h2>\t\t<\/div>\n\t\t\t\t<\/div>\n\t\t\t\t<div class=\"elementor-element elementor-element-0ae2dd4 elementor-widget elementor-widget-text-editor\" data-id=\"0ae2dd4\" data-element_type=\"widget\" data-widget_type=\"text-editor.default\">\n\t\t\t\t<div class=\"elementor-widget-container\">\n\t\t\t\t\t\t\t<p>Nous pouvons mettre \u00e0 jour cette politique de confidentialit\u00e9 de temps en temps. Toute modification sera publi\u00e9e sur cette page avec une date d'entr\u00e9e en vigueur mise \u00e0 jour. Votre utilisation continue du Site Web apr\u00e8s la modification des conditions constitue votre acceptation de la politique r\u00e9vis\u00e9e.<\/p>\t\t\t\t\t\t<\/div>\n\t\t\t\t<\/div>\n\t\t\t\t<div class=\"elementor-element elementor-element-e193458 elementor-widget elementor-widget-heading\" data-id=\"e193458\" data-element_type=\"widget\" data-widget_type=\"heading.default\">\n\t\t\t\t<div class=\"elementor-widget-container\">\n\t\t\t<h2 class=\"elementor-heading-title elementor-size-default\">9. Contactez-nous<\/h2>\t\t<\/div>\n\t\t\t\t<\/div>\n\t\t\t\t<div class=\"elementor-element elementor-element-7c59bf7 elementor-widget elementor-widget-text-editor\" data-id=\"7c59bf7\" data-element_type=\"widget\" data-widget_type=\"text-editor.default\">\n\t\t\t\t<div class=\"elementor-widget-container\">\n\t\t\t\t\t\t\t<p>Si vous avez des questions ou des pr\u00e9occupations concernant cette politique de confidentialit\u00e9 ou la mani\u00e8re dont vos informations sont trait\u00e9es, veuillez nous contacter :<br \/>Tridenta Towers Puerto Vallarta<br \/>Site Web : <a href=\"https:\/\/tridentatowerspuertovallarta.com\/fr\/\">https:\/\/tridentatowerspuertovallarta.com<\/a><br \/>Email: <a href=\"mailto:tridentatowerspuertovallarta.com\">tridentatowerspuertovallarta<\/a><a href=\"mailto:PeninsulaPuertoVallarta@gmail.com\">@gmail.com<\/a><\/p>\t\t\t\t\t\t<\/div>\n\t\t\t\t<\/div>\n\t\t\t\t<div class=\"elementor-element elementor-element-d366c35 elementor-widget elementor-widget-text-editor\" data-id=\"d366c35\" data-element_type=\"widget\" data-widget_type=\"text-editor.default\">\n\t\t\t\t<div class=\"elementor-widget-container\">\n\t\t\t\t\t\t\t<p>En utilisant ce Site Web, vous reconnaissez avoir lu et compris cette politique de confidentialit\u00e9 et acceptez ses termes.<\/p>\t\t\t\t\t\t<\/div>\n\t\t\t\t<\/div>\n\t\t\t\t\t<\/div>\n\t\t<\/div>\n\t\t\t\t\t<\/div>\n\t\t<\/section>\n\t\t\t\t<\/div>","protected":false},"excerpt":{"rendered":"<p>Privacy Policy for TridentaTowersPuertoVallarta.com Effective Date: 12\/27\/2024 At\u00a0TridentaTowersPuertoVallarta.com\u00a0(the \u201cWebsite\u201d), we value your privacy and are committed to protecting your personal information. This Privacy Policy explains how we collect, use, and safeguard your data when you visit or interact with our Website. 1. Information We Collect We collect information to provide a better experience for our [&hellip;]<\/p>","protected":false},"author":2,"featured_media":0,"parent":0,"menu_order":0,"comment_status":"closed","ping_status":"open","template":"","meta":{"footnotes":""},"class_list":["post-3","page","type-page","status-publish","hentry"],"yoast_head":"<!-- This site is optimized with the Yoast SEO plugin v26.5 - https:\/\/yoast.com\/wordpress\/plugins\/seo\/ -->\n<title>Privacy Policy - Tridenta Towers Puerto Vallarta<\/title>\n<meta name=\"robots\" content=\"index, follow, max-snippet:-1, max-image-preview:large, max-video-preview:-1\" \/>\n<link rel=\"canonical\" href=\"https:\/\/tridentatowerspuertovallarta.com\/fr\/politique-de-confidentialite\/\" \/>\n<meta property=\"og:locale\" content=\"fr_CA\" \/>\n<meta property=\"og:type\" content=\"article\" \/>\n<meta property=\"og:title\" content=\"Privacy Policy - Tridenta Towers Puerto Vallarta\" \/>\n<meta property=\"og:description\" content=\"Privacy Policy for TridentaTowersPuertoVallarta.com Effective Date: 12\/27\/2024 At\u00a0TridentaTowersPuertoVallarta.com\u00a0(the \u201cWebsite\u201d), we value your privacy and are committed to protecting your personal information. This Privacy Policy explains how we collect, use, and safeguard your data when you visit or interact with our Website. 1. Information We Collect We collect information to provide a better experience for our [&hellip;]\" \/>\n<meta property=\"og:url\" content=\"https:\/\/tridentatowerspuertovallarta.com\/fr\/politique-de-confidentialite\/\" \/>\n<meta property=\"og:site_name\" content=\"Tridenta Towers Puerto Vallarta\" \/>\n<meta property=\"article:modified_time\" content=\"2025-02-01T08:09:27+00:00\" \/>\n<meta name=\"twitter:card\" content=\"summary_large_image\" \/>\n<meta name=\"twitter:label1\" content=\"Est. reading time\" \/>\n\t<meta name=\"twitter:data1\" content=\"3 minutes\" \/>\n<script type=\"application\/ld+json\" class=\"yoast-schema-graph\">{\"@context\":\"https:\/\/schema.org\",\"@graph\":[{\"@type\":\"WebPage\",\"@id\":\"https:\/\/tridentatowerspuertovallarta.com\/privacy-policy\/\",\"url\":\"https:\/\/tridentatowerspuertovallarta.com\/privacy-policy\/\",\"name\":\"Privacy Policy - Tridenta Towers Puerto Vallarta\",\"isPartOf\":{\"@id\":\"https:\/\/tridentatowerspuertovallarta.com\/#website\"},\"datePublished\":\"2020-07-08T03:02:17+00:00\",\"dateModified\":\"2025-02-01T08:09:27+00:00\",\"breadcrumb\":{\"@id\":\"https:\/\/tridentatowerspuertovallarta.com\/privacy-policy\/#breadcrumb\"},\"inLanguage\":\"fr-CA\",\"potentialAction\":[{\"@type\":\"ReadAction\",\"target\":[\"https:\/\/tridentatowerspuertovallarta.com\/privacy-policy\/\"]}]},{\"@type\":\"BreadcrumbList\",\"@id\":\"https:\/\/tridentatowerspuertovallarta.com\/privacy-policy\/#breadcrumb\",\"itemListElement\":[{\"@type\":\"ListItem\",\"position\":1,\"name\":\"Home\",\"item\":\"https:\/\/tridentatowerspuertovallarta.com\/\"},{\"@type\":\"ListItem\",\"position\":2,\"name\":\"Privacy Policy\"}]},{\"@type\":\"WebSite\",\"@id\":\"https:\/\/tridentatowerspuertovallarta.com\/#website\",\"url\":\"https:\/\/tridentatowerspuertovallarta.com\/\",\"name\":\"Tridenta Towers Puerto Vallarta\",\"description\":\"Condos For Sale at Tridenta Towers Vallarta\",\"publisher\":{\"@id\":\"https:\/\/tridentatowerspuertovallarta.com\/#organization\"},\"potentialAction\":[{\"@type\":\"SearchAction\",\"target\":{\"@type\":\"EntryPoint\",\"urlTemplate\":\"https:\/\/tridentatowerspuertovallarta.com\/?s={search_term_string}\"},\"query-input\":{\"@type\":\"PropertyValueSpecification\",\"valueRequired\":true,\"valueName\":\"search_term_string\"}}],\"inLanguage\":\"fr-CA\"},{\"@type\":\"Organization\",\"@id\":\"https:\/\/tridentatowerspuertovallarta.com\/#organization\",\"name\":\"Tridenta Towers Puerto Vallarta\",\"url\":\"https:\/\/tridentatowerspuertovallarta.com\/\",\"logo\":{\"@type\":\"ImageObject\",\"inLanguage\":\"fr-CA\",\"@id\":\"https:\/\/tridentatowerspuertovallarta.com\/#\/schema\/logo\/image\/\",\"url\":\"https:\/\/tridentatowerspuertovallarta.com\/wp-content\/uploads\/2025\/01\/cropped-cropped-Tridenta-Towers-Logo.png\",\"contentUrl\":\"https:\/\/tridentatowerspuertovallarta.com\/wp-content\/uploads\/2025\/01\/cropped-cropped-Tridenta-Towers-Logo.png\",\"width\":79,\"height\":80,\"caption\":\"Tridenta Towers Puerto Vallarta\"},\"image\":{\"@id\":\"https:\/\/tridentatowerspuertovallarta.com\/#\/schema\/logo\/image\/\"}}]}<\/script>\n<!-- \/ Yoast SEO plugin. -->","yoast_head_json":{"title":"Privacy Policy - Tridenta Towers Puerto Vallarta","robots":{"index":"index","follow":"follow","max-snippet":"max-snippet:-1","max-image-preview":"max-image-preview:large","max-video-preview":"max-video-preview:-1"},"canonical":"https:\/\/tridentatowerspuertovallarta.com\/fr\/politique-de-confidentialite\/","og_locale":"fr_CA","og_type":"article","og_title":"Privacy Policy - Tridenta Towers Puerto Vallarta","og_description":"Privacy Policy for TridentaTowersPuertoVallarta.com Effective Date: 12\/27\/2024 At\u00a0TridentaTowersPuertoVallarta.com\u00a0(the \u201cWebsite\u201d), we value your privacy and are committed to protecting your personal information. This Privacy Policy explains how we collect, use, and safeguard your data when you visit or interact with our Website. 1. Information We Collect We collect information to provide a better experience for our [&hellip;]","og_url":"https:\/\/tridentatowerspuertovallarta.com\/fr\/politique-de-confidentialite\/","og_site_name":"Tridenta Towers Puerto Vallarta","article_modified_time":"2025-02-01T08:09:27+00:00","twitter_card":"summary_large_image","twitter_misc":{"Est. reading time":"3 minutes"},"schema":{"@context":"https:\/\/schema.org","@graph":[{"@type":"WebPage","@id":"https:\/\/tridentatowerspuertovallarta.com\/privacy-policy\/","url":"https:\/\/tridentatowerspuertovallarta.com\/privacy-policy\/","name":"Privacy Policy - Tridenta Towers Puerto Vallarta","isPartOf":{"@id":"https:\/\/tridentatowerspuertovallarta.com\/#website"},"datePublished":"2020-07-08T03:02:17+00:00","dateModified":"2025-02-01T08:09:27+00:00","breadcrumb":{"@id":"https:\/\/tridentatowerspuertovallarta.com\/privacy-policy\/#breadcrumb"},"inLanguage":"fr-CA","potentialAction":[{"@type":"ReadAction","target":["https:\/\/tridentatowerspuertovallarta.com\/privacy-policy\/"]}]},{"@type":"BreadcrumbList","@id":"https:\/\/tridentatowerspuertovallarta.com\/privacy-policy\/#breadcrumb","itemListElement":[{"@type":"ListItem","position":1,"name":"Home","item":"https:\/\/tridentatowerspuertovallarta.com\/"},{"@type":"ListItem","position":2,"name":"Privacy Policy"}]},{"@type":"WebSite","@id":"https:\/\/tridentatowerspuertovallarta.com\/#website","url":"https:\/\/tridentatowerspuertovallarta.com\/","name":"Tridenta Towers Puerto Vallarta","description":"Condos For Sale at Tridenta Towers Vallarta","publisher":{"@id":"https:\/\/tridentatowerspuertovallarta.com\/#organization"},"potentialAction":[{"@type":"SearchAction","target":{"@type":"EntryPoint","urlTemplate":"https:\/\/tridentatowerspuertovallarta.com\/?s={search_term_string}"},"query-input":{"@type":"PropertyValueSpecification","valueRequired":true,"valueName":"search_term_string"}}],"inLanguage":"fr-CA"},{"@type":"Organization","@id":"https:\/\/tridentatowerspuertovallarta.com\/#organization","name":"Tridenta Towers Puerto Vallarta","url":"https:\/\/tridentatowerspuertovallarta.com\/","logo":{"@type":"ImageObject","inLanguage":"fr-CA","@id":"https:\/\/tridentatowerspuertovallarta.com\/#\/schema\/logo\/image\/","url":"https:\/\/tridentatowerspuertovallarta.com\/wp-content\/uploads\/2025\/01\/cropped-cropped-Tridenta-Towers-Logo.png","contentUrl":"https:\/\/tridentatowerspuertovallarta.com\/wp-content\/uploads\/2025\/01\/cropped-cropped-Tridenta-Towers-Logo.png","width":79,"height":80,"caption":"Tridenta Towers Puerto Vallarta"},"image":{"@id":"https:\/\/tridentatowerspuertovallarta.com\/#\/schema\/logo\/image\/"}}]}},"_links":{"self":[{"href":"https:\/\/tridentatowerspuertovallarta.com\/fr\/wp-json\/wp\/v2\/pages\/3","targetHints":{"allow":["GET"]}}],"collection":[{"href":"https:\/\/tridentatowerspuertovallarta.com\/fr\/wp-json\/wp\/v2\/pages"}],"about":[{"href":"https:\/\/tridentatowerspuertovallarta.com\/fr\/wp-json\/wp\/v2\/types\/page"}],"author":[{"embeddable":true,"href":"https:\/\/tridentatowerspuertovallarta.com\/fr\/wp-json\/wp\/v2\/users\/2"}],"replies":[{"embeddable":true,"href":"https:\/\/tridentatowerspuertovallarta.com\/fr\/wp-json\/wp\/v2\/comments?post=3"}],"version-history":[{"count":12,"href":"https:\/\/tridentatowerspuertovallarta.com\/fr\/wp-json\/wp\/v2\/pages\/3\/revisions"}],"predecessor-version":[{"id":7920,"href":"https:\/\/tridentatowerspuertovallarta.com\/fr\/wp-json\/wp\/v2\/pages\/3\/revisions\/7920"}],"wp:attachment":[{"href":"https:\/\/tridentatowerspuertovallarta.com\/fr\/wp-json\/wp\/v2\/media?parent=3"}],"curies":[{"name":"wp","href":"https:\/\/api.w.org\/{rel}","templated":true}]}}