{"id":7157,"date":"2024-12-30T13:30:59","date_gmt":"2024-12-30T13:30:59","guid":{"rendered":"https:\/\/tridentatowerspuertovallarta.com\/?page_id=7157"},"modified":"2025-01-31T20:00:07","modified_gmt":"2025-01-31T20:00:07","slug":"terms-of-use","status":"publish","type":"page","link":"https:\/\/tridentatowerspuertovallarta.com\/es\/terminos-de-uso\/","title":{"rendered":"T\u00e9rminos de Uso"},"content":{"rendered":"<div data-elementor-type=\"wp-page\" data-elementor-id=\"7157\" class=\"elementor elementor-7157\" data-elementor-post-type=\"page\">\n\t\t\t\t\t\t<section class=\"elementor-section elementor-top-section elementor-element elementor-element-6d1c0480 elementor-section-boxed elementor-section-height-default elementor-section-height-default\" data-id=\"6d1c0480\" data-element_type=\"section\">\n\t\t\t\t\t\t<div class=\"elementor-container elementor-column-gap-default\">\n\t\t\t\t\t<div class=\"elementor-column elementor-col-100 elementor-top-column elementor-element elementor-element-11c5a898\" data-id=\"11c5a898\" data-element_type=\"column\">\n\t\t\t<div class=\"elementor-widget-wrap elementor-element-populated\">\n\t\t\t\t\t\t<div class=\"elementor-element elementor-element-02f6fd2 elementor-widget elementor-widget-text-editor\" data-id=\"02f6fd2\" data-element_type=\"widget\" data-widget_type=\"text-editor.default\">\n\t\t\t\t<div class=\"elementor-widget-container\">\n\t\t\t\t\t\t\t<p><b>Fecha de entrada en vigor: 27\/12\/2024<\/b><\/p><p>Bienvenue sur TridentTowersPuertoVallarta.com (le \u00ab Site Web \u00bb). En acc\u00e9dant \u00e0 notre Site Web ou en l\u2019utilisant, vous acceptez de vous conformer aux pr\u00e9sentes Conditions d\u2019utilisation et d\u2019\u00eatre li\u00e9 par celles-ci. Si vous n\u2019acceptez pas ces conditions, veuillez ne pas utiliser le Site Web.<\/p>\t\t\t\t\t\t<\/div>\n\t\t\t\t<\/div>\n\t\t\t\t<div class=\"elementor-element elementor-element-8d211f3 elementor-widget elementor-widget-heading\" data-id=\"8d211f3\" data-element_type=\"widget\" data-widget_type=\"heading.default\">\n\t\t\t\t<div class=\"elementor-widget-container\">\n\t\t\t<h2 class=\"elementor-heading-title elementor-size-default\">1. Uso del Sitio Web<\/h2>\t\t<\/div>\n\t\t\t\t<\/div>\n\t\t\t\t<div class=\"elementor-element elementor-element-fafdb2d elementor-widget elementor-widget-text-editor\" data-id=\"fafdb2d\" data-element_type=\"widget\" data-widget_type=\"text-editor.default\">\n\t\t\t\t<div class=\"elementor-widget-container\">\n\t\t\t\t\t\t\t<p><strong>a. Elegibilidad<\/strong><\/p><p>Debe tener al menos 18 a\u00f1os de edad o la mayor\u00eda de edad en su jurisdicci\u00f3n para utilizar este Sitio Web. Al utilizar el Sitio Web, confirma que cumple con estos requisitos de elegibilidad.<\/p><p><strong>b. Uso Permitido<\/strong><\/p><p>Solo puede utilizar el Sitio Web para fines legales y de acuerdo con estos T\u00e9rminos. Usted acepta no:<\/p><ul><li>Utilizar el Sitio Web de cualquier manera que viole las leyes o regulaciones aplicables.<\/li><li>Participar en cualquier conducta que restrinja o inhiba a otros de utilizar el Sitio Web.<\/li><li>Introducir virus, malware o cualquier otro material da\u00f1ino.<\/li><\/ul>\t\t\t\t\t\t<\/div>\n\t\t\t\t<\/div>\n\t\t\t\t<div class=\"elementor-element elementor-element-4426bdf elementor-widget elementor-widget-heading\" data-id=\"4426bdf\" data-element_type=\"widget\" data-widget_type=\"heading.default\">\n\t\t\t\t<div class=\"elementor-widget-container\">\n\t\t\t<h2 class=\"elementor-heading-title elementor-size-default\">2. Propiedad Intelectual<\/h2>\t\t<\/div>\n\t\t\t\t<\/div>\n\t\t\t\t<div class=\"elementor-element elementor-element-e137779 elementor-widget elementor-widget-text-editor\" data-id=\"e137779\" data-element_type=\"widget\" data-widget_type=\"text-editor.default\">\n\t\t\t\t<div class=\"elementor-widget-container\">\n\t\t\t\t\t\t\t<p>Tout le contenu du Site Web, y compris, mais sans s\u2019y limiter, le texte, les images, les graphiques, les logos et les logiciels, est la propri\u00e9t\u00e9 de TridentTowersPuertoVallarta.com ou de ses conc\u00e9dants et est prot\u00e9g\u00e9 par les lois sur le droit d\u2019auteur, les marques de commerce et autres lois sur la propri\u00e9t\u00e9 intellectuelle. Vous ne pouvez pas reproduire, distribuer, modifier ou cr\u00e9er des \u0153uvres d\u00e9riv\u00e9es sans une autorisation \u00e9crite pr\u00e9alable.<\/p>\t\t\t\t\t\t<\/div>\n\t\t\t\t<\/div>\n\t\t\t\t<div class=\"elementor-element elementor-element-fd8cd92 elementor-widget elementor-widget-heading\" data-id=\"fd8cd92\" data-element_type=\"widget\" data-widget_type=\"heading.default\">\n\t\t\t\t<div class=\"elementor-widget-container\">\n\t\t\t<h2 class=\"elementor-heading-title elementor-size-default\">3. Reservas y Consultas<\/h2>\t\t<\/div>\n\t\t\t\t<\/div>\n\t\t\t\t<div class=\"elementor-element elementor-element-113b78a elementor-widget elementor-widget-text-editor\" data-id=\"113b78a\" data-element_type=\"widget\" data-widget_type=\"text-editor.default\">\n\t\t\t\t<div class=\"elementor-widget-container\">\n\t\t\t\t\t\t\t<p>Si vous utilisez le Site Web pour soumettre des demandes de r\u00e9servation ou des r\u00e9servations, vous acceptez de fournir des informations exactes et compl\u00e8tes. TridentTowersPuertoVallarta.com se r\u00e9serve le droit de refuser ou d\u2019annuler toute demande de service \u00e0 sa seule discr\u00e9tion.<\/p>\t\t\t\t\t\t<\/div>\n\t\t\t\t<\/div>\n\t\t\t\t<div class=\"elementor-element elementor-element-ba9433e elementor-widget elementor-widget-heading\" data-id=\"ba9433e\" data-element_type=\"widget\" data-widget_type=\"heading.default\">\n\t\t\t\t<div class=\"elementor-widget-container\">\n\t\t\t<h2 class=\"elementor-heading-title elementor-size-default\">4. Enlaces de Terceros<\/h2>\t\t<\/div>\n\t\t\t\t<\/div>\n\t\t\t\t<div class=\"elementor-element elementor-element-7875aa2 elementor-widget elementor-widget-text-editor\" data-id=\"7875aa2\" data-element_type=\"widget\" data-widget_type=\"text-editor.default\">\n\t\t\t\t<div class=\"elementor-widget-container\">\n\t\t\t\t\t\t\t<p>Nuestro Sitio Web puede contener enlaces a sitios web o servicios de terceros. Estos enlaces se proporcionan para su conveniencia, y no somos responsables del contenido, las pol\u00edticas ni las pr\u00e1cticas de estos terceros. El acceso a enlaces de terceros es bajo su propio riesgo.<\/p>\t\t\t\t\t\t<\/div>\n\t\t\t\t<\/div>\n\t\t\t\t<div class=\"elementor-element elementor-element-3c67e6c elementor-widget elementor-widget-heading\" data-id=\"3c67e6c\" data-element_type=\"widget\" data-widget_type=\"heading.default\">\n\t\t\t\t<div class=\"elementor-widget-container\">\n\t\t\t<h2 class=\"elementor-heading-title elementor-size-default\">5. Descargo de Responsabilidad de Garant\u00edas<\/h2>\t\t<\/div>\n\t\t\t\t<\/div>\n\t\t\t\t<div class=\"elementor-element elementor-element-7e0ed6d elementor-widget elementor-widget-text-editor\" data-id=\"7e0ed6d\" data-element_type=\"widget\" data-widget_type=\"text-editor.default\">\n\t\t\t\t<div class=\"elementor-widget-container\">\n\t\t\t\t\t\t\t<p>El Sitio Web se proporciona \"TAL CUAL\" y \"SEG\u00daN DISPONIBILIDAD\" sin garant\u00edas de ning\u00fan tipo, ya sean expresas o impl\u00edcitas, incluyendo, pero no limit\u00e1ndose a, garant\u00edas impl\u00edcitas de comerciabilidad, idoneidad para un prop\u00f3sito particular o no infracci\u00f3n. No garantizamos que el Sitio Web est\u00e9 libre de errores, sea seguro o funcione de manera ininterrumpida.<\/p>\t\t\t\t\t\t<\/div>\n\t\t\t\t<\/div>\n\t\t\t\t<div class=\"elementor-element elementor-element-12391dc elementor-widget elementor-widget-heading\" data-id=\"12391dc\" data-element_type=\"widget\" data-widget_type=\"heading.default\">\n\t\t\t\t<div class=\"elementor-widget-container\">\n\t\t\t<h2 class=\"elementor-heading-title elementor-size-default\">6. Limitaci\u00f3n de Responsabilidad<\/h2>\t\t<\/div>\n\t\t\t\t<\/div>\n\t\t\t\t<div class=\"elementor-element elementor-element-3d107ef elementor-widget elementor-widget-text-editor\" data-id=\"3d107ef\" data-element_type=\"widget\" data-widget_type=\"text-editor.default\">\n\t\t\t\t<div class=\"elementor-widget-container\">\n\t\t\t\t\t\t\t<p>Dans toute la mesure permise par la loi, TridentTowersPuertoVallarta.com et ses affili\u00e9s ne seront pas responsables des dommages indirects, accessoires, sp\u00e9ciaux, cons\u00e9cutifs ou punitifs r\u00e9sultant de ou li\u00e9s \u00e0 votre utilisation du Site Web, m\u00eame s\u2019ils ont \u00e9t\u00e9 inform\u00e9s de la possibilit\u00e9 de tels dommages.<\/p>\t\t\t\t\t\t<\/div>\n\t\t\t\t<\/div>\n\t\t\t\t<div class=\"elementor-element elementor-element-bd8d767 elementor-widget elementor-widget-heading\" data-id=\"bd8d767\" data-element_type=\"widget\" data-widget_type=\"heading.default\">\n\t\t\t\t<div class=\"elementor-widget-container\">\n\t\t\t<h2 class=\"elementor-heading-title elementor-size-default\">7. Indemnizaci\u00f3n<\/h2>\t\t<\/div>\n\t\t\t\t<\/div>\n\t\t\t\t<div class=\"elementor-element elementor-element-a0c2295 elementor-widget elementor-widget-text-editor\" data-id=\"a0c2295\" data-element_type=\"widget\" data-widget_type=\"text-editor.default\">\n\t\t\t\t<div class=\"elementor-widget-container\">\n\t\t\t\t\t\t\t<p>Vous acceptez d\u2019indemniser, de d\u00e9fendre et de d\u00e9gager de toute responsabilit\u00e9 TridentTowersPuertoVallarta.com, ses dirigeants, administrateurs, employ\u00e9s et affili\u00e9s contre toute r\u00e9clamation, responsabilit\u00e9, dommage, perte ou d\u00e9pense r\u00e9sultant de votre utilisation du Site Web ou de la violation des pr\u00e9sentes Conditions.<\/p>\t\t\t\t\t\t<\/div>\n\t\t\t\t<\/div>\n\t\t\t\t<div class=\"elementor-element elementor-element-d3f69b3 elementor-widget elementor-widget-heading\" data-id=\"d3f69b3\" data-element_type=\"widget\" data-widget_type=\"heading.default\">\n\t\t\t\t<div class=\"elementor-widget-container\">\n\t\t\t<h2 class=\"elementor-heading-title elementor-size-default\">8. Cambios en Estos T\u00e9rminos<\/h2>\t\t<\/div>\n\t\t\t\t<\/div>\n\t\t\t\t<div class=\"elementor-element elementor-element-0ae2dd4 elementor-widget elementor-widget-text-editor\" data-id=\"0ae2dd4\" data-element_type=\"widget\" data-widget_type=\"text-editor.default\">\n\t\t\t\t<div class=\"elementor-widget-container\">\n\t\t\t\t\t\t\t<p>Podemos actualizar estos T\u00e9rminos de Uso de vez en cuando. Cualquier cambio ser\u00e1 efectivo inmediatamente despu\u00e9s de su publicaci\u00f3n en el Sitio Web. Su uso continuo del Sitio Web despu\u00e9s de que se realicen los cambios constituye su aceptaci\u00f3n de los T\u00e9rminos revisados.<\/p>\t\t\t\t\t\t<\/div>\n\t\t\t\t<\/div>\n\t\t\t\t<div class=\"elementor-element elementor-element-e193458 elementor-widget elementor-widget-heading\" data-id=\"e193458\" data-element_type=\"widget\" data-widget_type=\"heading.default\">\n\t\t\t\t<div class=\"elementor-widget-container\">\n\t\t\t<h2 class=\"elementor-heading-title elementor-size-default\">9. Ley Aplicable<\/h2>\t\t<\/div>\n\t\t\t\t<\/div>\n\t\t\t\t<div class=\"elementor-element elementor-element-b457d54 elementor-widget elementor-widget-text-editor\" data-id=\"b457d54\" data-element_type=\"widget\" data-widget_type=\"text-editor.default\">\n\t\t\t\t<div class=\"elementor-widget-container\">\n\t\t\t\t\t\t\t<p>Estos T\u00e9rminos de Uso se rigen por las leyes de [Insertar Jurisdicci\u00f3n], sin tener en cuenta sus principios sobre conflictos de leyes. Cualquier disputa que surja bajo estos T\u00e9rminos ser\u00e1 resuelta exclusivamente en los tribunales de [Insertar Jurisdicci\u00f3n].<\/p>\t\t\t\t\t\t<\/div>\n\t\t\t\t<\/div>\n\t\t\t\t<div class=\"elementor-element elementor-element-1257e6a elementor-widget elementor-widget-heading\" data-id=\"1257e6a\" data-element_type=\"widget\" data-widget_type=\"heading.default\">\n\t\t\t\t<div class=\"elementor-widget-container\">\n\t\t\t<h2 class=\"elementor-heading-title elementor-size-default\">10. Cont\u00e1ctenos<\/h2>\t\t<\/div>\n\t\t\t\t<\/div>\n\t\t\t\t<div class=\"elementor-element elementor-element-7c59bf7 elementor-widget elementor-widget-text-editor\" data-id=\"7c59bf7\" data-element_type=\"widget\" data-widget_type=\"text-editor.default\">\n\t\t\t\t<div class=\"elementor-widget-container\">\n\t\t\t\t\t\t\t<p>Si tiene alguna pregunta o inquietud sobre estos T\u00e9rminos de Uso, por favor cont\u00e1ctenos:<\/p>\n<p><b>Tridenta Towers Puerto Vallarta<br><\/b>Sitio web:<a href=\"https:\/\/tridentatowerspuertovallarta.com\/es\/\">&nbsp;https:\/\/tridentatowerspuertovallarta.com<\/a><br>Email: tridentatowerspuertovallarta@gmail.com<\/p>\t\t\t\t\t\t<\/div>\n\t\t\t\t<\/div>\n\t\t\t\t<div class=\"elementor-element elementor-element-d366c35 elementor-widget elementor-widget-text-editor\" data-id=\"d366c35\" data-element_type=\"widget\" data-widget_type=\"text-editor.default\">\n\t\t\t\t<div class=\"elementor-widget-container\">\n\t\t\t\t\t\t\t<p>Al usar este Sitio Web, usted reconoce que ha le\u00eddo, comprendido y acepta estos T\u00e9rminos de Uso.<\/p>\t\t\t\t\t\t<\/div>\n\t\t\t\t<\/div>\n\t\t\t\t\t<\/div>\n\t\t<\/div>\n\t\t\t\t\t<\/div>\n\t\t<\/section>\n\t\t\t\t<\/div>","protected":false},"excerpt":{"rendered":"<p>Effective Date: 12\/27\/2024 Welcome to TridentTowersPuertoVallarta.com\u00a0(the \u201cWebsite\u201d). By accessing or using our Website, you agree to comply with and be bound by these Terms of Use. If you do not agree with these terms, please do not use the Website. 1. Use of the Website a. Eligibility You must be at least 18 years old [&hellip;]<\/p>","protected":false},"author":2,"featured_media":0,"parent":0,"menu_order":0,"comment_status":"closed","ping_status":"open","template":"","meta":{"footnotes":""},"class_list":["post-7157","page","type-page","status-publish","hentry"],"yoast_head":"<!-- This site is optimized with the Yoast SEO plugin v26.5 - https:\/\/yoast.com\/wordpress\/plugins\/seo\/ -->\n<title>Terms of Use - Tridenta Towers Puerto Vallarta<\/title>\n<meta name=\"robots\" content=\"index, follow, max-snippet:-1, max-image-preview:large, max-video-preview:-1\" \/>\n<link rel=\"canonical\" href=\"https:\/\/tridentatowerspuertovallarta.com\/es\/terminos-de-uso\/\" \/>\n<meta property=\"og:locale\" content=\"es_MX\" \/>\n<meta property=\"og:type\" content=\"article\" \/>\n<meta property=\"og:title\" content=\"Terms of Use - Tridenta Towers Puerto Vallarta\" \/>\n<meta property=\"og:description\" content=\"Effective Date: 12\/27\/2024 Welcome to TridentTowersPuertoVallarta.com\u00a0(the \u201cWebsite\u201d). By accessing or using our Website, you agree to comply with and be bound by these Terms of Use. If you do not agree with these terms, please do not use the Website. 1. Use of the Website a. Eligibility You must be at least 18 years old [&hellip;]\" \/>\n<meta property=\"og:url\" content=\"https:\/\/tridentatowerspuertovallarta.com\/es\/terminos-de-uso\/\" \/>\n<meta property=\"og:site_name\" content=\"Tridenta Towers Puerto Vallarta\" \/>\n<meta property=\"article:modified_time\" content=\"2025-01-31T20:00:07+00:00\" \/>\n<meta name=\"twitter:card\" content=\"summary_large_image\" \/>\n<meta name=\"twitter:label1\" content=\"Est. reading time\" \/>\n\t<meta name=\"twitter:data1\" content=\"3 minutes\" \/>\n<script type=\"application\/ld+json\" class=\"yoast-schema-graph\">{\"@context\":\"https:\/\/schema.org\",\"@graph\":[{\"@type\":\"WebPage\",\"@id\":\"https:\/\/tridentatowerspuertovallarta.com\/terms-of-use\/\",\"url\":\"https:\/\/tridentatowerspuertovallarta.com\/terms-of-use\/\",\"name\":\"Terms of Use - Tridenta Towers Puerto Vallarta\",\"isPartOf\":{\"@id\":\"https:\/\/tridentatowerspuertovallarta.com\/#website\"},\"datePublished\":\"2024-12-30T13:30:59+00:00\",\"dateModified\":\"2025-01-31T20:00:07+00:00\",\"breadcrumb\":{\"@id\":\"https:\/\/tridentatowerspuertovallarta.com\/terms-of-use\/#breadcrumb\"},\"inLanguage\":\"es-MX\",\"potentialAction\":[{\"@type\":\"ReadAction\",\"target\":[\"https:\/\/tridentatowerspuertovallarta.com\/terms-of-use\/\"]}]},{\"@type\":\"BreadcrumbList\",\"@id\":\"https:\/\/tridentatowerspuertovallarta.com\/terms-of-use\/#breadcrumb\",\"itemListElement\":[{\"@type\":\"ListItem\",\"position\":1,\"name\":\"Home\",\"item\":\"https:\/\/tridentatowerspuertovallarta.com\/\"},{\"@type\":\"ListItem\",\"position\":2,\"name\":\"Terms of Use\"}]},{\"@type\":\"WebSite\",\"@id\":\"https:\/\/tridentatowerspuertovallarta.com\/#website\",\"url\":\"https:\/\/tridentatowerspuertovallarta.com\/\",\"name\":\"Tridenta Towers Puerto Vallarta\",\"description\":\"Condos For Sale at Tridenta Towers Vallarta\",\"publisher\":{\"@id\":\"https:\/\/tridentatowerspuertovallarta.com\/#organization\"},\"potentialAction\":[{\"@type\":\"SearchAction\",\"target\":{\"@type\":\"EntryPoint\",\"urlTemplate\":\"https:\/\/tridentatowerspuertovallarta.com\/?s={search_term_string}\"},\"query-input\":{\"@type\":\"PropertyValueSpecification\",\"valueRequired\":true,\"valueName\":\"search_term_string\"}}],\"inLanguage\":\"es-MX\"},{\"@type\":\"Organization\",\"@id\":\"https:\/\/tridentatowerspuertovallarta.com\/#organization\",\"name\":\"Tridenta Towers Puerto Vallarta\",\"url\":\"https:\/\/tridentatowerspuertovallarta.com\/\",\"logo\":{\"@type\":\"ImageObject\",\"inLanguage\":\"es-MX\",\"@id\":\"https:\/\/tridentatowerspuertovallarta.com\/#\/schema\/logo\/image\/\",\"url\":\"https:\/\/tridentatowerspuertovallarta.com\/wp-content\/uploads\/2025\/01\/cropped-cropped-Tridenta-Towers-Logo.png\",\"contentUrl\":\"https:\/\/tridentatowerspuertovallarta.com\/wp-content\/uploads\/2025\/01\/cropped-cropped-Tridenta-Towers-Logo.png\",\"width\":79,\"height\":80,\"caption\":\"Tridenta Towers Puerto Vallarta\"},\"image\":{\"@id\":\"https:\/\/tridentatowerspuertovallarta.com\/#\/schema\/logo\/image\/\"}}]}<\/script>\n<!-- \/ Yoast SEO plugin. -->","yoast_head_json":{"title":"Terms of Use - Tridenta Towers Puerto Vallarta","robots":{"index":"index","follow":"follow","max-snippet":"max-snippet:-1","max-image-preview":"max-image-preview:large","max-video-preview":"max-video-preview:-1"},"canonical":"https:\/\/tridentatowerspuertovallarta.com\/es\/terminos-de-uso\/","og_locale":"es_MX","og_type":"article","og_title":"Terms of Use - Tridenta Towers Puerto Vallarta","og_description":"Effective Date: 12\/27\/2024 Welcome to TridentTowersPuertoVallarta.com\u00a0(the \u201cWebsite\u201d). By accessing or using our Website, you agree to comply with and be bound by these Terms of Use. If you do not agree with these terms, please do not use the Website. 1. Use of the Website a. Eligibility You must be at least 18 years old [&hellip;]","og_url":"https:\/\/tridentatowerspuertovallarta.com\/es\/terminos-de-uso\/","og_site_name":"Tridenta Towers Puerto Vallarta","article_modified_time":"2025-01-31T20:00:07+00:00","twitter_card":"summary_large_image","twitter_misc":{"Est. reading time":"3 minutes"},"schema":{"@context":"https:\/\/schema.org","@graph":[{"@type":"WebPage","@id":"https:\/\/tridentatowerspuertovallarta.com\/terms-of-use\/","url":"https:\/\/tridentatowerspuertovallarta.com\/terms-of-use\/","name":"Terms of Use - Tridenta Towers Puerto Vallarta","isPartOf":{"@id":"https:\/\/tridentatowerspuertovallarta.com\/#website"},"datePublished":"2024-12-30T13:30:59+00:00","dateModified":"2025-01-31T20:00:07+00:00","breadcrumb":{"@id":"https:\/\/tridentatowerspuertovallarta.com\/terms-of-use\/#breadcrumb"},"inLanguage":"es-MX","potentialAction":[{"@type":"ReadAction","target":["https:\/\/tridentatowerspuertovallarta.com\/terms-of-use\/"]}]},{"@type":"BreadcrumbList","@id":"https:\/\/tridentatowerspuertovallarta.com\/terms-of-use\/#breadcrumb","itemListElement":[{"@type":"ListItem","position":1,"name":"Home","item":"https:\/\/tridentatowerspuertovallarta.com\/"},{"@type":"ListItem","position":2,"name":"Terms of Use"}]},{"@type":"WebSite","@id":"https:\/\/tridentatowerspuertovallarta.com\/#website","url":"https:\/\/tridentatowerspuertovallarta.com\/","name":"Tridenta Towers Puerto Vallarta","description":"Condos For Sale at Tridenta Towers Vallarta","publisher":{"@id":"https:\/\/tridentatowerspuertovallarta.com\/#organization"},"potentialAction":[{"@type":"SearchAction","target":{"@type":"EntryPoint","urlTemplate":"https:\/\/tridentatowerspuertovallarta.com\/?s={search_term_string}"},"query-input":{"@type":"PropertyValueSpecification","valueRequired":true,"valueName":"search_term_string"}}],"inLanguage":"es-MX"},{"@type":"Organization","@id":"https:\/\/tridentatowerspuertovallarta.com\/#organization","name":"Tridenta Towers Puerto Vallarta","url":"https:\/\/tridentatowerspuertovallarta.com\/","logo":{"@type":"ImageObject","inLanguage":"es-MX","@id":"https:\/\/tridentatowerspuertovallarta.com\/#\/schema\/logo\/image\/","url":"https:\/\/tridentatowerspuertovallarta.com\/wp-content\/uploads\/2025\/01\/cropped-cropped-Tridenta-Towers-Logo.png","contentUrl":"https:\/\/tridentatowerspuertovallarta.com\/wp-content\/uploads\/2025\/01\/cropped-cropped-Tridenta-Towers-Logo.png","width":79,"height":80,"caption":"Tridenta Towers Puerto Vallarta"},"image":{"@id":"https:\/\/tridentatowerspuertovallarta.com\/#\/schema\/logo\/image\/"}}]}},"_links":{"self":[{"href":"https:\/\/tridentatowerspuertovallarta.com\/es\/wp-json\/wp\/v2\/pages\/7157","targetHints":{"allow":["GET"]}}],"collection":[{"href":"https:\/\/tridentatowerspuertovallarta.com\/es\/wp-json\/wp\/v2\/pages"}],"about":[{"href":"https:\/\/tridentatowerspuertovallarta.com\/es\/wp-json\/wp\/v2\/types\/page"}],"author":[{"embeddable":true,"href":"https:\/\/tridentatowerspuertovallarta.com\/es\/wp-json\/wp\/v2\/users\/2"}],"replies":[{"embeddable":true,"href":"https:\/\/tridentatowerspuertovallarta.com\/es\/wp-json\/wp\/v2\/comments?post=7157"}],"version-history":[{"count":10,"href":"https:\/\/tridentatowerspuertovallarta.com\/es\/wp-json\/wp\/v2\/pages\/7157\/revisions"}],"predecessor-version":[{"id":7884,"href":"https:\/\/tridentatowerspuertovallarta.com\/es\/wp-json\/wp\/v2\/pages\/7157\/revisions\/7884"}],"wp:attachment":[{"href":"https:\/\/tridentatowerspuertovallarta.com\/es\/wp-json\/wp\/v2\/media?parent=7157"}],"curies":[{"name":"wp","href":"https:\/\/api.w.org\/{rel}","templated":true}]}}