{"id":3,"date":"2020-07-08T03:02:17","date_gmt":"2020-07-08T03:02:17","guid":{"rendered":"https:\/\/homeid-elementor-demo1.g5plus.net\/?page_id=3"},"modified":"2025-02-01T08:09:27","modified_gmt":"2025-02-01T08:09:27","slug":"privacy-policy","status":"publish","type":"page","link":"https:\/\/tridentatowerspuertovallarta.com\/es\/politica-de-privacidad\/","title":{"rendered":"Pol\u00edtica de Privacidad"},"content":{"rendered":"<div data-elementor-type=\"wp-page\" data-elementor-id=\"3\" class=\"elementor elementor-3\" data-elementor-post-type=\"page\">\n\t\t\t\t\t\t<section class=\"elementor-section elementor-top-section elementor-element elementor-element-6d1c0480 elementor-section-boxed elementor-section-height-default elementor-section-height-default\" data-id=\"6d1c0480\" data-element_type=\"section\">\n\t\t\t\t\t\t<div class=\"elementor-container elementor-column-gap-default\">\n\t\t\t\t\t<div class=\"elementor-column elementor-col-100 elementor-top-column elementor-element elementor-element-11c5a898\" data-id=\"11c5a898\" data-element_type=\"column\">\n\t\t\t<div class=\"elementor-widget-wrap elementor-element-populated\">\n\t\t\t\t\t\t<div class=\"elementor-element elementor-element-02f6fd2 elementor-widget elementor-widget-text-editor\" data-id=\"02f6fd2\" data-element_type=\"widget\" data-widget_type=\"text-editor.default\">\n\t\t\t\t<div class=\"elementor-widget-container\">\n\t\t\t\t\t\t\t<p><strong>Privacy Policy for T<\/strong><b>ridentaTowersPuertoVallarta<\/b><strong style=\"color: var( --e-global-color-primary ); font-style: var(--g5-body-font-style); letter-spacing: var(--g5-body-letter-spacing); text-transform: var(--g5-body-text-transform);\">.com<\/strong><\/p><p><strong>Fecha de entrada en vigor: 27\/12\/2024<\/strong><\/p><p>At\u00a0<span style=\"font-weight: bolder;\">T<\/span><span style=\"font-weight: bold;\">ridentaTowersPuertoVallarta<\/span><span style=\"font-weight: bolder; color: var( --e-global-color-primary ); font-style: var(--g5-body-font-style); letter-spacing: var(--g5-body-letter-spacing); text-transform: var(--g5-body-text-transform);\">.com<\/span>\u00a0(the \u201cWebsite\u201d), we value your privacy and are committed to protecting your personal information. This Privacy Policy explains how we collect, use, and safeguard your data when you visit or interact with our Website.<\/p>\t\t\t\t\t\t<\/div>\n\t\t\t\t<\/div>\n\t\t\t\t<div class=\"elementor-element elementor-element-8d211f3 elementor-widget elementor-widget-heading\" data-id=\"8d211f3\" data-element_type=\"widget\" data-widget_type=\"heading.default\">\n\t\t\t\t<div class=\"elementor-widget-container\">\n\t\t\t<h2 class=\"elementor-heading-title elementor-size-default\">1. Informaci\u00f3n que Recopilamos<\/h2>\t\t<\/div>\n\t\t\t\t<\/div>\n\t\t\t\t<div class=\"elementor-element elementor-element-fafdb2d elementor-widget elementor-widget-text-editor\" data-id=\"fafdb2d\" data-element_type=\"widget\" data-widget_type=\"text-editor.default\">\n\t\t\t\t<div class=\"elementor-widget-container\">\n\t\t\t\t\t\t\t<p>Recopilamos informaci\u00f3n para ofrecer una mejor experiencia a nuestros usuarios. Los tipos de informaci\u00f3n que podemos recopilar incluyen:<\/p>\n<p><b>a. Informaci\u00f3n Personal<\/b><\/p>\n<p>Cuando completa un formulario, realiza una consulta de reserva o se suscribe a nuestro bolet\u00edn, podemos recopilar:<\/p>\n<ul>\n<li aria-level=\"1\">Nombre<\/li>\n<\/ul>\n<ul>\n<li aria-level=\"1\">Direcci\u00f3n de correo electr\u00f3nico<\/li>\n<\/ul>\n<ul>\n<li aria-level=\"1\">N\u00famero de tel\u00e9fono<\/li>\n<\/ul>\n<ul>\n<li aria-level=\"1\">Otros detalles que proporcione<\/li>\n<\/ul>\n<p><b>b. Informaci\u00f3n No Personal<\/b><\/p>\n<p>Podemos recopilar informaci\u00f3n no identificable autom\u00e1ticamente cuando visita el Sitio Web, como:<\/p>\n<ul>\n<li aria-level=\"1\">Direcci\u00f3n IP<\/li>\n<\/ul>\n<ul>\n<li aria-level=\"1\">Tipo de navegador<\/li>\n<\/ul>\n<ul>\n<li aria-level=\"1\">Informaci\u00f3n del dispositivo<\/li>\n<\/ul>\n<ul>\n<li aria-level=\"1\">P\u00e1ginas visitadas y tiempo pasado en el sitio<\/li>\n<\/ul>\n<ul>\n<li aria-level=\"1\">Sitios web de referencia<\/li>\n<\/ul>\n<p><b>c. Cookies y Tecnolog\u00edas de Seguimiento<\/b><\/p>\n<p>Utilizamos cookies y tecnolog\u00edas de seguimiento similares para mejorar su experiencia. Las cookies son peque\u00f1os archivos de datos almacenados en su dispositivo. Puede gestionar o desactivar las cookies a trav\u00e9s de la configuraci\u00f3n de su navegador.<\/p>\t\t\t\t\t\t<\/div>\n\t\t\t\t<\/div>\n\t\t\t\t<div class=\"elementor-element elementor-element-4426bdf elementor-widget elementor-widget-heading\" data-id=\"4426bdf\" data-element_type=\"widget\" data-widget_type=\"heading.default\">\n\t\t\t\t<div class=\"elementor-widget-container\">\n\t\t\t<h2 class=\"elementor-heading-title elementor-size-default\">2. C\u00f3mo Usamos Su Informaci\u00f3n<\/h2>\t\t<\/div>\n\t\t\t\t<\/div>\n\t\t\t\t<div class=\"elementor-element elementor-element-e137779 elementor-widget elementor-widget-text-editor\" data-id=\"e137779\" data-element_type=\"widget\" data-widget_type=\"text-editor.default\">\n\t\t\t\t<div class=\"elementor-widget-container\">\n\t\t\t\t\t\t\t<p>Usamos su informaci\u00f3n para los siguientes prop\u00f3sitos:<\/p>\n<ul>\n<li>Para responder a consultas y brindar atenci\u00f3n al cliente<\/li>\n<li>Para mejorar la funcionalidad y el contenido de nuestro Sitio Web<\/li>\n<li>To improve the functionality and content of our Website<\/li>\n<li>Para analizar el comportamiento y las preferencias de los usuarios<\/li>\n<li>Para cumplir con obligaciones legales<\/li>\n<\/ul>\t\t\t\t\t\t<\/div>\n\t\t\t\t<\/div>\n\t\t\t\t<div class=\"elementor-element elementor-element-fd8cd92 elementor-widget elementor-widget-heading\" data-id=\"fd8cd92\" data-element_type=\"widget\" data-widget_type=\"heading.default\">\n\t\t\t\t<div class=\"elementor-widget-container\">\n\t\t\t<h2 class=\"elementor-heading-title elementor-size-default\">3. Compartir Informaci\u00f3n<\/h2>\t\t<\/div>\n\t\t\t\t<\/div>\n\t\t\t\t<div class=\"elementor-element elementor-element-113b78a elementor-widget elementor-widget-text-editor\" data-id=\"113b78a\" data-element_type=\"widget\" data-widget_type=\"text-editor.default\">\n\t\t\t\t<div class=\"elementor-widget-container\">\n\t\t\t\t\t\t\t<p>Respetamos su privacidad y no vendemos ni alquilamos su informaci\u00f3n personal. Sin embargo, podemos compartir su informaci\u00f3n en las siguientes circunstancias:<\/p>\n<ul>\n<li>Proveedores de Servicios: Con terceros de confianza que nos asisten en la operaci\u00f3n del Sitio Web, el procesamiento de transacciones o la prestaci\u00f3n de servicios.<\/li>\n<li>Obligaciones Legales: Si es requerido por la ley o para proteger nuestros derechos, propiedad o seguridad.<\/li>\n<li>Transferencias Comerciales: En caso de una fusi\u00f3n, adquisici\u00f3n o venta de activos.<\/li>\n<\/ul>\t\t\t\t\t\t<\/div>\n\t\t\t\t<\/div>\n\t\t\t\t<div class=\"elementor-element elementor-element-ba9433e elementor-widget elementor-widget-heading\" data-id=\"ba9433e\" data-element_type=\"widget\" data-widget_type=\"heading.default\">\n\t\t\t\t<div class=\"elementor-widget-container\">\n\t\t\t<h2 class=\"elementor-heading-title elementor-size-default\">4. Seguridad de los Datos<\/h2>\t\t<\/div>\n\t\t\t\t<\/div>\n\t\t\t\t<div class=\"elementor-element elementor-element-7875aa2 elementor-widget elementor-widget-text-editor\" data-id=\"7875aa2\" data-element_type=\"widget\" data-widget_type=\"text-editor.default\">\n\t\t\t\t<div class=\"elementor-widget-container\">\n\t\t\t\t\t\t\t<p>Implementamos medidas t\u00e9cnicas y organizativas apropiadas para proteger su informaci\u00f3n personal contra el acceso no autorizado, divulgaci\u00f3n, alteraci\u00f3n o destrucci\u00f3n. Sin embargo, ning\u00fan sistema en l\u00ednea puede ser 100 % seguro, y no podemos garantizar una seguridad absoluta.<\/p>\t\t\t\t\t\t<\/div>\n\t\t\t\t<\/div>\n\t\t\t\t<div class=\"elementor-element elementor-element-3c67e6c elementor-widget elementor-widget-heading\" data-id=\"3c67e6c\" data-element_type=\"widget\" data-widget_type=\"heading.default\">\n\t\t\t\t<div class=\"elementor-widget-container\">\n\t\t\t<h2 class=\"elementor-heading-title elementor-size-default\">5. Sus Opciones<\/h2>\t\t<\/div>\n\t\t\t\t<\/div>\n\t\t\t\t<div class=\"elementor-element elementor-element-7e0ed6d elementor-widget elementor-widget-text-editor\" data-id=\"7e0ed6d\" data-element_type=\"widget\" data-widget_type=\"text-editor.default\">\n\t\t\t\t<div class=\"elementor-widget-container\">\n\t\t\t\t\t\t\t<p><strong>a. Exclusi\u00f3n de Comunicaciones<\/strong><br \/>Puede optar por no recibir correos electr\u00f3nicos promocionales siguiendo el enlace de cancelaci\u00f3n de suscripci\u00f3n en nuestros correos electr\u00f3nicos o contact\u00e1ndonos directamente.<\/p>\n<p><strong>b. Gesti\u00f3n de Cookies<\/strong><br \/>Puede ajustar la configuraci\u00f3n de su navegador para rechazar cookies o alertarle cuando se est\u00e9n utilizando cookies.<\/p>\n<p><strong>c. Acceso y Actualizaci\u00f3n de Su Informaci\u00f3n<\/strong><br \/>Si desea acceder, actualizar o eliminar su informaci\u00f3n personal, por favor cont\u00e1ctenos utilizando los detalles a continuaci\u00f3n.<\/p>\t\t\t\t\t\t<\/div>\n\t\t\t\t<\/div>\n\t\t\t\t<div class=\"elementor-element elementor-element-12391dc elementor-widget elementor-widget-heading\" data-id=\"12391dc\" data-element_type=\"widget\" data-widget_type=\"heading.default\">\n\t\t\t\t<div class=\"elementor-widget-container\">\n\t\t\t<h2 class=\"elementor-heading-title elementor-size-default\">6. Enlaces a Terceros<\/h2>\t\t<\/div>\n\t\t\t\t<\/div>\n\t\t\t\t<div class=\"elementor-element elementor-element-3d107ef elementor-widget elementor-widget-text-editor\" data-id=\"3d107ef\" data-element_type=\"widget\" data-widget_type=\"text-editor.default\">\n\t\t\t\t<div class=\"elementor-widget-container\">\n\t\t\t\t\t\t\t<p>Nuestro Sitio Web puede incluir enlaces a sitios externos. No somos responsables de las pr\u00e1cticas de privacidad de estos sitios y le recomendamos revisar sus pol\u00edticas de privacidad.<\/p>\t\t\t\t\t\t<\/div>\n\t\t\t\t<\/div>\n\t\t\t\t<div class=\"elementor-element elementor-element-bd8d767 elementor-widget elementor-widget-heading\" data-id=\"bd8d767\" data-element_type=\"widget\" data-widget_type=\"heading.default\">\n\t\t\t\t<div class=\"elementor-widget-container\">\n\t\t\t<h2 class=\"elementor-heading-title elementor-size-default\">7. Privacidad de los Ni\u00f1os<\/h2>\t\t<\/div>\n\t\t\t\t<\/div>\n\t\t\t\t<div class=\"elementor-element elementor-element-a0c2295 elementor-widget elementor-widget-text-editor\" data-id=\"a0c2295\" data-element_type=\"widget\" data-widget_type=\"text-editor.default\">\n\t\t\t\t<div class=\"elementor-widget-container\">\n\t\t\t\t\t\t\t<p>Nuestro Sitio Web no est\u00e1 destinado a ni\u00f1os menores de 13 a\u00f1os. No recopilamos intencionalmente informaci\u00f3n personal de ni\u00f1os. Si nos damos cuenta de que hemos recopilado informaci\u00f3n de un ni\u00f1o de manera inadvertida, la eliminaremos de inmediato.<\/p>\t\t\t\t\t\t<\/div>\n\t\t\t\t<\/div>\n\t\t\t\t<div class=\"elementor-element elementor-element-d3f69b3 elementor-widget elementor-widget-heading\" data-id=\"d3f69b3\" data-element_type=\"widget\" data-widget_type=\"heading.default\">\n\t\t\t\t<div class=\"elementor-widget-container\">\n\t\t\t<h2 class=\"elementor-heading-title elementor-size-default\">8. Cambios en Esta Pol\u00edtica de Privacidad<\/h2>\t\t<\/div>\n\t\t\t\t<\/div>\n\t\t\t\t<div class=\"elementor-element elementor-element-0ae2dd4 elementor-widget elementor-widget-text-editor\" data-id=\"0ae2dd4\" data-element_type=\"widget\" data-widget_type=\"text-editor.default\">\n\t\t\t\t<div class=\"elementor-widget-container\">\n\t\t\t\t\t\t\t<p>Podemos actualizar esta Pol\u00edtica de Privacidad de vez en cuando. Cualquier cambio ser\u00e1 publicado en esta p\u00e1gina con una fecha de vigencia actualizada. Su uso continuo del Sitio Web despu\u00e9s de que se realicen cambios constituye su aceptaci\u00f3n de la pol\u00edtica revisada.<\/p>\t\t\t\t\t\t<\/div>\n\t\t\t\t<\/div>\n\t\t\t\t<div class=\"elementor-element elementor-element-e193458 elementor-widget elementor-widget-heading\" data-id=\"e193458\" data-element_type=\"widget\" data-widget_type=\"heading.default\">\n\t\t\t\t<div class=\"elementor-widget-container\">\n\t\t\t<h2 class=\"elementor-heading-title elementor-size-default\">9. Cont\u00e1ctenos<\/h2>\t\t<\/div>\n\t\t\t\t<\/div>\n\t\t\t\t<div class=\"elementor-element elementor-element-7c59bf7 elementor-widget elementor-widget-text-editor\" data-id=\"7c59bf7\" data-element_type=\"widget\" data-widget_type=\"text-editor.default\">\n\t\t\t\t<div class=\"elementor-widget-container\">\n\t\t\t\t\t\t\t<p>Si tiene alguna pregunta o inquietud sobre esta Pol\u00edtica de Privacidad o sobre c\u00f3mo se maneja su informaci\u00f3n, por favor cont\u00e1ctenos:<br \/>Tridenta Towers Puerto Vallarta<br \/>Sitio web: <a href=\"https:\/\/tridentatowerspuertovallarta.com\/es\/\">https:\/\/tridentatowerspuertovallarta.com<\/a><br \/>Correo electr\u00f3nico: <a href=\"mailto:tridentatowerspuertovallarta.com\">tridentatowerspuertovallarta<\/a><a href=\"mailto:PeninsulaPuertoVallarta@gmail.com\">@gmail.com<\/a><\/p>\t\t\t\t\t\t<\/div>\n\t\t\t\t<\/div>\n\t\t\t\t<div class=\"elementor-element elementor-element-d366c35 elementor-widget elementor-widget-text-editor\" data-id=\"d366c35\" data-element_type=\"widget\" data-widget_type=\"text-editor.default\">\n\t\t\t\t<div class=\"elementor-widget-container\">\n\t\t\t\t\t\t\t<p>Al utilizar este Sitio Web, usted reconoce que ha le\u00eddo y comprendido esta Pol\u00edtica de Privacidad y acepta sus t\u00e9rminos.<\/p>\t\t\t\t\t\t<\/div>\n\t\t\t\t<\/div>\n\t\t\t\t\t<\/div>\n\t\t<\/div>\n\t\t\t\t\t<\/div>\n\t\t<\/section>\n\t\t\t\t<\/div>","protected":false},"excerpt":{"rendered":"<p>Privacy Policy for TridentaTowersPuertoVallarta.com Effective Date: 12\/27\/2024 At\u00a0TridentaTowersPuertoVallarta.com\u00a0(the \u201cWebsite\u201d), we value your privacy and are committed to protecting your personal information. This Privacy Policy explains how we collect, use, and safeguard your data when you visit or interact with our Website. 1. Information We Collect We collect information to provide a better experience for our [&hellip;]<\/p>","protected":false},"author":2,"featured_media":0,"parent":0,"menu_order":0,"comment_status":"closed","ping_status":"open","template":"","meta":{"footnotes":""},"class_list":["post-3","page","type-page","status-publish","hentry"],"yoast_head":"<!-- This site is optimized with the Yoast SEO plugin v26.5 - https:\/\/yoast.com\/wordpress\/plugins\/seo\/ -->\n<title>Privacy Policy - Tridenta Towers Puerto Vallarta<\/title>\n<meta name=\"robots\" content=\"index, follow, max-snippet:-1, max-image-preview:large, max-video-preview:-1\" \/>\n<link rel=\"canonical\" href=\"https:\/\/tridentatowerspuertovallarta.com\/es\/politica-de-privacidad\/\" \/>\n<meta property=\"og:locale\" content=\"es_MX\" \/>\n<meta property=\"og:type\" content=\"article\" \/>\n<meta property=\"og:title\" content=\"Privacy Policy - Tridenta Towers Puerto Vallarta\" \/>\n<meta property=\"og:description\" content=\"Privacy Policy for TridentaTowersPuertoVallarta.com Effective Date: 12\/27\/2024 At\u00a0TridentaTowersPuertoVallarta.com\u00a0(the \u201cWebsite\u201d), we value your privacy and are committed to protecting your personal information. This Privacy Policy explains how we collect, use, and safeguard your data when you visit or interact with our Website. 1. Information We Collect We collect information to provide a better experience for our [&hellip;]\" \/>\n<meta property=\"og:url\" content=\"https:\/\/tridentatowerspuertovallarta.com\/es\/politica-de-privacidad\/\" \/>\n<meta property=\"og:site_name\" content=\"Tridenta Towers Puerto Vallarta\" \/>\n<meta property=\"article:modified_time\" content=\"2025-02-01T08:09:27+00:00\" \/>\n<meta name=\"twitter:card\" content=\"summary_large_image\" \/>\n<meta name=\"twitter:label1\" content=\"Est. reading time\" \/>\n\t<meta name=\"twitter:data1\" content=\"3 minutes\" \/>\n<script type=\"application\/ld+json\" class=\"yoast-schema-graph\">{\"@context\":\"https:\/\/schema.org\",\"@graph\":[{\"@type\":\"WebPage\",\"@id\":\"https:\/\/tridentatowerspuertovallarta.com\/privacy-policy\/\",\"url\":\"https:\/\/tridentatowerspuertovallarta.com\/privacy-policy\/\",\"name\":\"Privacy Policy - Tridenta Towers Puerto Vallarta\",\"isPartOf\":{\"@id\":\"https:\/\/tridentatowerspuertovallarta.com\/#website\"},\"datePublished\":\"2020-07-08T03:02:17+00:00\",\"dateModified\":\"2025-02-01T08:09:27+00:00\",\"breadcrumb\":{\"@id\":\"https:\/\/tridentatowerspuertovallarta.com\/privacy-policy\/#breadcrumb\"},\"inLanguage\":\"es-MX\",\"potentialAction\":[{\"@type\":\"ReadAction\",\"target\":[\"https:\/\/tridentatowerspuertovallarta.com\/privacy-policy\/\"]}]},{\"@type\":\"BreadcrumbList\",\"@id\":\"https:\/\/tridentatowerspuertovallarta.com\/privacy-policy\/#breadcrumb\",\"itemListElement\":[{\"@type\":\"ListItem\",\"position\":1,\"name\":\"Home\",\"item\":\"https:\/\/tridentatowerspuertovallarta.com\/\"},{\"@type\":\"ListItem\",\"position\":2,\"name\":\"Privacy Policy\"}]},{\"@type\":\"WebSite\",\"@id\":\"https:\/\/tridentatowerspuertovallarta.com\/#website\",\"url\":\"https:\/\/tridentatowerspuertovallarta.com\/\",\"name\":\"Tridenta Towers Puerto Vallarta\",\"description\":\"Condos For Sale at Tridenta Towers Vallarta\",\"publisher\":{\"@id\":\"https:\/\/tridentatowerspuertovallarta.com\/#organization\"},\"potentialAction\":[{\"@type\":\"SearchAction\",\"target\":{\"@type\":\"EntryPoint\",\"urlTemplate\":\"https:\/\/tridentatowerspuertovallarta.com\/?s={search_term_string}\"},\"query-input\":{\"@type\":\"PropertyValueSpecification\",\"valueRequired\":true,\"valueName\":\"search_term_string\"}}],\"inLanguage\":\"es-MX\"},{\"@type\":\"Organization\",\"@id\":\"https:\/\/tridentatowerspuertovallarta.com\/#organization\",\"name\":\"Tridenta Towers Puerto Vallarta\",\"url\":\"https:\/\/tridentatowerspuertovallarta.com\/\",\"logo\":{\"@type\":\"ImageObject\",\"inLanguage\":\"es-MX\",\"@id\":\"https:\/\/tridentatowerspuertovallarta.com\/#\/schema\/logo\/image\/\",\"url\":\"https:\/\/tridentatowerspuertovallarta.com\/wp-content\/uploads\/2025\/01\/cropped-cropped-Tridenta-Towers-Logo.png\",\"contentUrl\":\"https:\/\/tridentatowerspuertovallarta.com\/wp-content\/uploads\/2025\/01\/cropped-cropped-Tridenta-Towers-Logo.png\",\"width\":79,\"height\":80,\"caption\":\"Tridenta Towers Puerto Vallarta\"},\"image\":{\"@id\":\"https:\/\/tridentatowerspuertovallarta.com\/#\/schema\/logo\/image\/\"}}]}<\/script>\n<!-- \/ Yoast SEO plugin. -->","yoast_head_json":{"title":"Privacy Policy - Tridenta Towers Puerto Vallarta","robots":{"index":"index","follow":"follow","max-snippet":"max-snippet:-1","max-image-preview":"max-image-preview:large","max-video-preview":"max-video-preview:-1"},"canonical":"https:\/\/tridentatowerspuertovallarta.com\/es\/politica-de-privacidad\/","og_locale":"es_MX","og_type":"article","og_title":"Privacy Policy - Tridenta Towers Puerto Vallarta","og_description":"Privacy Policy for TridentaTowersPuertoVallarta.com Effective Date: 12\/27\/2024 At\u00a0TridentaTowersPuertoVallarta.com\u00a0(the \u201cWebsite\u201d), we value your privacy and are committed to protecting your personal information. This Privacy Policy explains how we collect, use, and safeguard your data when you visit or interact with our Website. 1. Information We Collect We collect information to provide a better experience for our [&hellip;]","og_url":"https:\/\/tridentatowerspuertovallarta.com\/es\/politica-de-privacidad\/","og_site_name":"Tridenta Towers Puerto Vallarta","article_modified_time":"2025-02-01T08:09:27+00:00","twitter_card":"summary_large_image","twitter_misc":{"Est. reading time":"3 minutes"},"schema":{"@context":"https:\/\/schema.org","@graph":[{"@type":"WebPage","@id":"https:\/\/tridentatowerspuertovallarta.com\/privacy-policy\/","url":"https:\/\/tridentatowerspuertovallarta.com\/privacy-policy\/","name":"Privacy Policy - Tridenta Towers Puerto Vallarta","isPartOf":{"@id":"https:\/\/tridentatowerspuertovallarta.com\/#website"},"datePublished":"2020-07-08T03:02:17+00:00","dateModified":"2025-02-01T08:09:27+00:00","breadcrumb":{"@id":"https:\/\/tridentatowerspuertovallarta.com\/privacy-policy\/#breadcrumb"},"inLanguage":"es-MX","potentialAction":[{"@type":"ReadAction","target":["https:\/\/tridentatowerspuertovallarta.com\/privacy-policy\/"]}]},{"@type":"BreadcrumbList","@id":"https:\/\/tridentatowerspuertovallarta.com\/privacy-policy\/#breadcrumb","itemListElement":[{"@type":"ListItem","position":1,"name":"Home","item":"https:\/\/tridentatowerspuertovallarta.com\/"},{"@type":"ListItem","position":2,"name":"Privacy Policy"}]},{"@type":"WebSite","@id":"https:\/\/tridentatowerspuertovallarta.com\/#website","url":"https:\/\/tridentatowerspuertovallarta.com\/","name":"Tridenta Towers Puerto Vallarta","description":"Condos For Sale at Tridenta Towers Vallarta","publisher":{"@id":"https:\/\/tridentatowerspuertovallarta.com\/#organization"},"potentialAction":[{"@type":"SearchAction","target":{"@type":"EntryPoint","urlTemplate":"https:\/\/tridentatowerspuertovallarta.com\/?s={search_term_string}"},"query-input":{"@type":"PropertyValueSpecification","valueRequired":true,"valueName":"search_term_string"}}],"inLanguage":"es-MX"},{"@type":"Organization","@id":"https:\/\/tridentatowerspuertovallarta.com\/#organization","name":"Tridenta Towers Puerto Vallarta","url":"https:\/\/tridentatowerspuertovallarta.com\/","logo":{"@type":"ImageObject","inLanguage":"es-MX","@id":"https:\/\/tridentatowerspuertovallarta.com\/#\/schema\/logo\/image\/","url":"https:\/\/tridentatowerspuertovallarta.com\/wp-content\/uploads\/2025\/01\/cropped-cropped-Tridenta-Towers-Logo.png","contentUrl":"https:\/\/tridentatowerspuertovallarta.com\/wp-content\/uploads\/2025\/01\/cropped-cropped-Tridenta-Towers-Logo.png","width":79,"height":80,"caption":"Tridenta Towers Puerto Vallarta"},"image":{"@id":"https:\/\/tridentatowerspuertovallarta.com\/#\/schema\/logo\/image\/"}}]}},"_links":{"self":[{"href":"https:\/\/tridentatowerspuertovallarta.com\/es\/wp-json\/wp\/v2\/pages\/3","targetHints":{"allow":["GET"]}}],"collection":[{"href":"https:\/\/tridentatowerspuertovallarta.com\/es\/wp-json\/wp\/v2\/pages"}],"about":[{"href":"https:\/\/tridentatowerspuertovallarta.com\/es\/wp-json\/wp\/v2\/types\/page"}],"author":[{"embeddable":true,"href":"https:\/\/tridentatowerspuertovallarta.com\/es\/wp-json\/wp\/v2\/users\/2"}],"replies":[{"embeddable":true,"href":"https:\/\/tridentatowerspuertovallarta.com\/es\/wp-json\/wp\/v2\/comments?post=3"}],"version-history":[{"count":12,"href":"https:\/\/tridentatowerspuertovallarta.com\/es\/wp-json\/wp\/v2\/pages\/3\/revisions"}],"predecessor-version":[{"id":7920,"href":"https:\/\/tridentatowerspuertovallarta.com\/es\/wp-json\/wp\/v2\/pages\/3\/revisions\/7920"}],"wp:attachment":[{"href":"https:\/\/tridentatowerspuertovallarta.com\/es\/wp-json\/wp\/v2\/media?parent=3"}],"curies":[{"name":"wp","href":"https:\/\/api.w.org\/{rel}","templated":true}]}}